{"id":377,"date":"2019-04-04T10:01:49","date_gmt":"2019-04-04T10:01:49","guid":{"rendered":"https:\/\/victorthemes.com\/themes\/windfall\/?page_id=377"},"modified":"2025-05-13T08:42:38","modified_gmt":"2025-05-13T08:42:38","slug":"contact-us","status":"publish","type":"page","link":"https:\/\/www.troikaelektronik.com\/index.php\/contact-us\/","title":{"rendered":"Bize Ula\u015f\u0131n"},"content":{"rendered":"\t\t<div data-elementor-type=\"wp-post\" data-elementor-id=\"377\" class=\"elementor elementor-377\">\n\t\t\t\t\t\t<section class=\"elementor-section elementor-top-section elementor-element elementor-element-58643e2 elementor-section-full_width elementor-section-height-default elementor-section-height-default\" data-id=\"58643e2\" data-element_type=\"section\">\n\t\t\t\t\t\t<div class=\"elementor-container elementor-column-gap-default\">\n\t\t\t\t\t<div class=\"elementor-column elementor-col-100 elementor-top-column elementor-element elementor-element-ec29a2e\" data-id=\"ec29a2e\" data-element_type=\"column\">\n\t\t\t<div class=\"elementor-widget-wrap elementor-element-populated\">\n\t\t\t\t\t\t<div class=\"elementor-element elementor-element-d6a08cc elementor-widget elementor-widget-vt-windfall_contact_form\" data-id=\"d6a08cc\" data-element_type=\"widget\" data-widget_type=\"vt-windfall_contact_form.default\">\n\t\t\t\t<div class=\"elementor-widget-container\">\n\t\t\t\t\t<div class=\" wndfal-contact-form wndfal-form wndfal-cntat-form\"><h3 class=\"appointment-title\">Bize Mesaj G\u00f6nderin<\/h3>\n<div class=\"wpcf7 no-js\" id=\"wpcf7-f385-o1\" lang=\"en-US\" dir=\"ltr\" data-wpcf7-id=\"385\">\n<div class=\"screen-reader-response\"><p role=\"status\" aria-live=\"polite\" aria-atomic=\"true\"><\/p> <ul><\/ul><\/div>\n<form action=\"\/index.php\/wp-json\/wp\/v2\/pages\/377#wpcf7-f385-o1\" method=\"post\" class=\"wpcf7-form init\" aria-label=\"Contact form\" novalidate=\"novalidate\" data-status=\"init\">\n<fieldset class=\"hidden-fields-container\"><input type=\"hidden\" name=\"_wpcf7\" value=\"385\" \/><input type=\"hidden\" name=\"_wpcf7_version\" value=\"6.1.1\" \/><input type=\"hidden\" name=\"_wpcf7_locale\" value=\"en_US\" \/><input type=\"hidden\" name=\"_wpcf7_unit_tag\" value=\"wpcf7-f385-o1\" \/><input type=\"hidden\" name=\"_wpcf7_container_post\" value=\"0\" \/><input type=\"hidden\" name=\"_wpcf7_posted_data_hash\" value=\"\" \/><input type=\"hidden\" name=\"_wpcf7_recaptcha_response\" value=\"\" \/>\n<\/fieldset>\n<div class=\"row\">\n\t<div class=\"col-md-6\">\n\t\t<p><label> Ad\u0131n\u0131z ve Soyad\u0131n\u0131z (Gerekli) <\/label><br \/>\n<span class=\"wpcf7-form-control-wrap\" data-name=\"your-name\"><input size=\"40\" maxlength=\"400\" class=\"wpcf7-form-control wpcf7-text wpcf7-validates-as-required\" aria-required=\"true\" aria-invalid=\"false\" value=\"\" type=\"text\" name=\"your-name\" \/><\/span>\n\t\t<\/p>\n\t<\/div>\n\t<div class=\"col-md-6\">\n\t\t<p><label> E-Posta Adresiniz (Gerekli) <\/label><br \/>\n<span class=\"wpcf7-form-control-wrap\" data-name=\"your-email\"><input size=\"40\" maxlength=\"400\" class=\"wpcf7-form-control wpcf7-email wpcf7-validates-as-required wpcf7-text wpcf7-validates-as-email\" aria-required=\"true\" aria-invalid=\"false\" value=\"\" type=\"email\" name=\"your-email\" \/><\/span>\n\t\t<\/p>\n\t<\/div>\n\t<div class=\"col-md-6\">\n\t\t<p><label> Telefon Numaran\u0131z (Gerekli) <\/label><br \/>\n<span class=\"wpcf7-form-control-wrap\" data-name=\"tel-459\"><input size=\"40\" maxlength=\"400\" class=\"wpcf7-form-control wpcf7-tel wpcf7-validates-as-required wpcf7-text wpcf7-validates-as-tel\" aria-required=\"true\" aria-invalid=\"false\" value=\"\" type=\"tel\" name=\"tel-459\" \/><\/span>\n\t\t<\/p>\n\t<\/div>\n\t<div class=\"col-md-6\">\n\t\t<p><label> Konu (Gerekli) <\/label><br \/>\n<span class=\"wpcf7-form-control-wrap\" data-name=\"your-subject\"><input size=\"40\" maxlength=\"400\" class=\"wpcf7-form-control wpcf7-text wpcf7-validates-as-required\" aria-required=\"true\" aria-invalid=\"false\" value=\"\" type=\"text\" name=\"your-subject\" \/><\/span>\n\t\t<\/p>\n\t<\/div>\n\t<div class=\"col-md-12\">\n\t\t<p><label> Mesaj\u0131n\u0131z (Gerekli) <\/label><br \/>\n<span class=\"wpcf7-form-control-wrap\" data-name=\"your-message\"><textarea cols=\"40\" rows=\"10\" maxlength=\"2000\" class=\"wpcf7-form-control wpcf7-textarea wpcf7-validates-as-required\" aria-required=\"true\" aria-invalid=\"false\" name=\"your-message\"><\/textarea><\/span>\n\t\t<\/p>\n\t<\/div>\n\t<div class=\"col-md-12\">\n\t\t<p><input class=\"wpcf7-form-control wpcf7-submit has-spinner\" type=\"submit\" value=\"G\u00d6NDER\" \/>\n\t\t<\/p>\n\t<\/div>\n<\/div><p style=\"display: none !important;\" class=\"akismet-fields-container\" data-prefix=\"_wpcf7_ak_\"><label>&#916;<textarea name=\"_wpcf7_ak_hp_textarea\" cols=\"45\" rows=\"8\" maxlength=\"100\"><\/textarea><\/label><input type=\"hidden\" id=\"ak_js_1\" name=\"_wpcf7_ak_js\" value=\"14\"\/><script>document.getElementById( \"ak_js_1\" ).setAttribute( \"value\", ( new Date() ).getTime() );<\/script><\/p><div class=\"wpcf7-response-output\" aria-hidden=\"true\"><\/div>\n<\/form>\n<\/div>\n<\/div>\t\t\t\t<\/div>\n\t\t\t\t<\/div>\n\t\t\t\t\t<\/div>\n\t\t<\/div>\n\t\t\t\t\t<\/div>\n\t\t<\/section>\n\t\t\t\t<section class=\"elementor-section elementor-top-section elementor-element elementor-element-18045ec elementor-section-full_width elementor-section-height-default elementor-section-height-default\" data-id=\"18045ec\" data-element_type=\"section\">\n\t\t\t\t\t\t<div class=\"elementor-container elementor-column-gap-default\">\n\t\t\t\t\t<div class=\"elementor-column elementor-col-100 elementor-top-column elementor-element elementor-element-da2c3c9\" data-id=\"da2c3c9\" data-element_type=\"column\">\n\t\t\t<div class=\"elementor-widget-wrap elementor-element-populated\">\n\t\t\t\t\t\t<div class=\"elementor-element elementor-element-27ab7b3 elementor-widget elementor-widget-vt-windfall_address_info\" data-id=\"27ab7b3\" data-element_type=\"widget\" data-widget_type=\"vt-windfall_address_info.default\">\n\t\t\t\t<div class=\"elementor-widget-container\">\n\t\t\t\t\t<div class=\"wndfal-contact\">\n\t\t\t\t        <div class=\"contact-info\">\n\t\t\t\t          <div class=\"section-title-wrap title-style-two\">\n\t\t\t\t            <h2 class=\"section-title\">\u0130leti\u015fim Bilgileri<\/h2>\n\t\t\t\t          <\/div>\n\t\t\t\t          <ul><li> <div class=\"wndfal-icon\"><i class=\"ti-location-pin\" aria-hidden=\"true\"><\/i><\/div><div class=\"contact-inner-info\"><span class=\"list-title\">Adres: <\/span>100. Y\u0131l Mh. Hayrabolu Cd. No: 9-11 Hakk\u0131 \u00d6zen Plaza Kat 2 D:3 S\u00fcleymanpa\u015fa\/Tekirda\u011f\/T\u00fcrkiye<\/div><\/li><li> <div class=\"wndfal-icon\"><i class=\"ti-mobile\" aria-hidden=\"true\"><\/i><\/div><div class=\"contact-inner-info\"><span class=\"list-title\">Telefon: <\/span><a href=\"tel:+905327291331\" target=\"_blank\" rel=\"nofollow\">+90 532 729 1331<\/a><\/div><\/li><li> <div class=\"wndfal-icon\"><i class=\"ti-email\" aria-hidden=\"true\"><\/i><\/div><div class=\"contact-inner-info\"><span class=\"list-title\">E-Posta: <\/span>info@troikaelektronik.com<\/div><\/li><\/ul><\/div><\/div>\t\t\t\t<\/div>\n\t\t\t\t<\/div>\n\t\t\t\t\t<\/div>\n\t\t<\/div>\n\t\t\t\t\t<\/div>\n\t\t<\/section>\n\t\t\t\t<section class=\"elementor-section elementor-top-section elementor-element elementor-element-1ffc08d elementor-section-stretched elementor-section-full_width elementor-section-height-default elementor-section-height-default\" data-id=\"1ffc08d\" data-element_type=\"section\" data-settings=\"{&quot;stretch_section&quot;:&quot;section-stretched&quot;}\">\n\t\t\t\t\t\t<div class=\"elementor-container elementor-column-gap-default\">\n\t\t\t\t\t<div class=\"elementor-column elementor-col-100 elementor-top-column elementor-element elementor-element-06c02a4\" data-id=\"06c02a4\" data-element_type=\"column\">\n\t\t\t<div class=\"elementor-widget-wrap elementor-element-populated\">\n\t\t\t\t\t\t<div class=\"elementor-element elementor-element-602360f elementor-widget elementor-widget-google_maps\" data-id=\"602360f\" data-element_type=\"widget\" data-widget_type=\"google_maps.default\">\n\t\t\t\t<div class=\"elementor-widget-container\">\n\t\t\t\t\t\t\t<div class=\"elementor-custom-embed\">\n\t\t\t<iframe loading=\"lazy\"\n\t\t\t\t\tsrc=\"https:\/\/maps.google.com\/maps?q=40.975681493611624%2C%2027.491152475344244&#038;t=m&#038;z=17&#038;output=embed&#038;iwloc=near\"\n\t\t\t\t\ttitle=\"40.975681493611624, 27.491152475344244\"\n\t\t\t\t\taria-label=\"40.975681493611624, 27.491152475344244\"\n\t\t\t><\/iframe>\n\t\t<\/div>\n\t\t\t\t\t\t<\/div>\n\t\t\t\t<\/div>\n\t\t\t\t\t<\/div>\n\t\t<\/div>\n\t\t\t\t\t<\/div>\n\t\t<\/section>\n\t\t\t\t<\/div>\n\t\t","protected":false},"excerpt":{"rendered":"Bize Mesaj G\u00f6nderin Ad\u0131n\u0131z ve Soyad\u0131n\u0131z (Gerekli) E-Posta Adresiniz (Gerekli) Telefon Numaran\u0131z (Gerekli) Konu (Gerekli) Mesaj\u0131n\u0131z (Gerekli) &#916; \u0130leti\u015fim Bilgileri Adres: 100. Y\u0131l Mh. Hayrabolu Cd. No: 9-11 Hakk\u0131 \u00d6zen Plaza Kat 2 D:3 S\u00fcleymanpa\u015fa\/Tekirda\u011f\/T\u00fcrkiye Telefon: +90 532 729 1331 E-Posta: info@troikaelektronik.com","protected":false},"author":1,"featured_media":0,"parent":0,"menu_order":0,"comment_status":"closed","ping_status":"closed","template":"","meta":{"footnotes":""},"class_list":["post-377","page","type-page","status-publish","hentry"],"_links":{"self":[{"href":"https:\/\/www.troikaelektronik.com\/index.php\/wp-json\/wp\/v2\/pages\/377","targetHints":{"allow":["GET"]}}],"collection":[{"href":"https:\/\/www.troikaelektronik.com\/index.php\/wp-json\/wp\/v2\/pages"}],"about":[{"href":"https:\/\/www.troikaelektronik.com\/index.php\/wp-json\/wp\/v2\/types\/page"}],"author":[{"embeddable":true,"href":"https:\/\/www.troikaelektronik.com\/index.php\/wp-json\/wp\/v2\/users\/1"}],"replies":[{"embeddable":true,"href":"https:\/\/www.troikaelektronik.com\/index.php\/wp-json\/wp\/v2\/comments?post=377"}],"version-history":[{"count":47,"href":"https:\/\/www.troikaelektronik.com\/index.php\/wp-json\/wp\/v2\/pages\/377\/revisions"}],"predecessor-version":[{"id":2566,"href":"https:\/\/www.troikaelektronik.com\/index.php\/wp-json\/wp\/v2\/pages\/377\/revisions\/2566"}],"wp:attachment":[{"href":"https:\/\/www.troikaelektronik.com\/index.php\/wp-json\/wp\/v2\/media?parent=377"}],"curies":[{"name":"wp","href":"https:\/\/api.w.org\/{rel}","templated":true}]}}