{"id":1547,"date":"2024-06-11T08:17:48","date_gmt":"2024-06-11T08:17:48","guid":{"rendered":"https:\/\/troikaelektronik.com\/?page_id=1547"},"modified":"2024-11-13T19:02:28","modified_gmt":"2024-11-13T19:02:28","slug":"test-ve-devreye-alma","status":"publish","type":"page","link":"https:\/\/www.troikaelektronik.com\/index.php\/test-ve-devreye-alma\/","title":{"rendered":"Test ve Devreye Alma"},"content":{"rendered":"\t\t<div data-elementor-type=\"wp-page\" data-elementor-id=\"1547\" class=\"elementor elementor-1547\">\n\t\t\t\t<div class=\"elementor-element elementor-element-0d194cd e-flex e-con-boxed e-con e-parent\" data-id=\"0d194cd\" data-element_type=\"container\">\n\t\t\t\t\t<div class=\"e-con-inner\">\n\t\t\t\t<div class=\"elementor-element elementor-element-a7ff140 elementor-widget elementor-widget-image\" data-id=\"a7ff140\" data-element_type=\"widget\" data-widget_type=\"image.default\">\n\t\t\t\t<div class=\"elementor-widget-container\">\n\t\t\t\t\t\t\t\t\t\t\t\t\t\t\t<img fetchpriority=\"high\" decoding=\"async\" width=\"1800\" height=\"300\" src=\"https:\/\/www.troikaelektronik.com\/wp-content\/uploads\/2024\/11\/testdevreyealma.jpg\" class=\"attachment-full size-full wp-image-2439\" alt=\"\" srcset=\"https:\/\/www.troikaelektronik.com\/wp-content\/uploads\/2024\/11\/testdevreyealma.jpg 1800w, https:\/\/www.troikaelektronik.com\/wp-content\/uploads\/2024\/11\/testdevreyealma-300x50.jpg 300w, https:\/\/www.troikaelektronik.com\/wp-content\/uploads\/2024\/11\/testdevreyealma-1024x171.jpg 1024w, https:\/\/www.troikaelektronik.com\/wp-content\/uploads\/2024\/11\/testdevreyealma-768x128.jpg 768w, https:\/\/www.troikaelektronik.com\/wp-content\/uploads\/2024\/11\/testdevreyealma-1536x256.jpg 1536w, https:\/\/www.troikaelektronik.com\/wp-content\/uploads\/2024\/11\/testdevreyealma-600x100.jpg 600w\" sizes=\"(max-width: 1800px) 100vw, 1800px\" \/>\t\t\t\t\t\t\t\t\t\t\t\t\t\t\t<\/div>\n\t\t\t\t<\/div>\n\t\t\t\t\t<\/div>\n\t\t\t\t<\/div>\n\t\t<div class=\"elementor-element elementor-element-6ba770e e-flex e-con-boxed e-con e-parent\" data-id=\"6ba770e\" data-element_type=\"container\">\n\t\t\t\t\t<div class=\"e-con-inner\">\n\t\t\t\t<div class=\"elementor-element elementor-element-8e8f0ef elementor-widget elementor-widget-heading\" data-id=\"8e8f0ef\" data-element_type=\"widget\" data-widget_type=\"heading.default\">\n\t\t\t\t<div class=\"elementor-widget-container\">\n\t\t\t\t\t<h2 class=\"elementor-heading-title elementor-size-default\">Test ve Devreye Alma<\/h2>\t\t\t\t<\/div>\n\t\t\t\t<\/div>\n\t\t\t\t\t<\/div>\n\t\t\t\t<\/div>\n\t\t<div class=\"elementor-element elementor-element-f88444a e-flex e-con-boxed e-con e-parent\" data-id=\"f88444a\" data-element_type=\"container\">\n\t\t\t\t\t<div class=\"e-con-inner\">\n\t\t\t\t<div class=\"elementor-element elementor-element-b483041 elementor-widget elementor-widget-text-editor\" data-id=\"b483041\" data-element_type=\"widget\" data-widget_type=\"text-editor.default\">\n\t\t\t\t<div class=\"elementor-widget-container\">\n\t\t\t\t\t\t\t\t\t<h6>PR\u0130MER TESTLER<\/h6><p>\u2022 Ak\u0131m Trafosu Testleri <br \/>\u2022 Y\u00fckl\u00fc, Y\u00fcks\u00fcz Oran Testleri<br \/>\u2022 Diz Noktas\u0131 (Doyma) Testleri<br \/>\u2022 Polarite Testleri<br \/>\u2022 Sarg\u0131 Diren\u00e7 Testleri<br \/>\u2022 PF ve \u0130zolasyon Testleri<br \/>\u2022 \u0130kaz Ak\u0131m Testleri<br \/>\u2022 Gerilim Trafosu Testleri<br \/>\u2022 Mesafe Koruma R\u00f6le Testleri<br \/>\u2022 A\u015f\u0131r\u0131 Ak\u0131m ve Toprak R\u00f6lesi Testleri<br \/>\u2022 Y\u00f6nl\u00fc A\u015f\u0131r\u0131 Ak\u0131m ve Y\u00f6nl\u00fc Toprak R\u00f6le Testleri<br \/>\u2022 D\u00fc\u015f\u00fck ve A\u015f\u0131r\u0131 Gerilim R\u00f6le Testleri<br \/>\u2022 Trafo Sim\u00fclasyon Testleri<br \/>\u2022 Kesici Sekonder Sinyal Testleri<br \/>\u2022 Da\u011f\u0131t\u0131m Trafosu Testleri<br \/>\u2022 Topraklama Kontrolleri<br \/>\u2022 Kesici Testleri<br \/>\u2022 Kontak Ge\u00e7i\u015f Diren\u00e7 Testleri<br \/>\u2022 VLF Testleri<\/p><h6>SEKONDER TESTLER<\/h6><p>\u2022 R\u00f6le Testleri<br \/>\u2022 Mesafe Koruma R\u00f6le Testleri<br \/>\u2022 A\u015f\u0131r\u0131 Ak\u0131m ve Toprak R\u00f6lesi Testleri<br \/>\u2022 Y\u00f6nl\u00fc A\u015f\u0131r\u0131 Ak\u0131m ve Y\u00f6nl\u00fc Toprak R\u00f6le Testleri<br \/>\u2022 D\u00fc\u015f\u00fck ve Y\u00fcksek Frekans R\u00f6le Testleri<br \/>\u2022 Diferansiyel R\u00f6le Testleri<br \/>\u2022 Bara Koruma ve Kesici Ar\u0131za R\u00f6le Testleri<br \/>\u2022 \u00d6l\u00e7\u00fc Aletleri ve G\u00fc\u00e7 Analiz\u00f6r\u00fc Testleri<br \/>\u2022 Saya\u00e7 Testleri<br \/>\u2022 Senkron Check R\u00f6le Testleri<br \/>\u2022 Trafo Merkezi R\u00f6le Koordinasyonu ve K\u0131sa Devre Hesaplamalar\u0131<\/p>\t\t\t\t\t\t\t\t<\/div>\n\t\t\t\t<\/div>\n\t\t\t\t\t<\/div>\n\t\t\t\t<\/div>\n\t\t\t\t<\/div>\n\t\t","protected":false},"excerpt":{"rendered":"Test ve Devreye Alma PR\u0130MER TESTLER \u2022 Ak\u0131m Trafosu Testleri \u2022 Y\u00fckl\u00fc, Y\u00fcks\u00fcz Oran Testleri\u2022 Diz Noktas\u0131 (Doyma) Testleri\u2022 Polarite Testleri\u2022 Sarg\u0131 Diren\u00e7 Testleri\u2022 PF ve \u0130zolasyon Testleri\u2022 \u0130kaz Ak\u0131m Testleri\u2022 Gerilim Trafosu Testleri\u2022 Mesafe Koruma R\u00f6le Testleri\u2022 A\u015f\u0131r\u0131 Ak\u0131m ve Toprak R\u00f6lesi Testleri\u2022 Y\u00f6nl\u00fc A\u015f\u0131r\u0131 Ak\u0131m ve Y\u00f6nl\u00fc Toprak R\u00f6le Testleri\u2022 D\u00fc\u015f\u00fck ve A\u015f\u0131r\u0131&#8230;","protected":false},"author":1,"featured_media":0,"parent":0,"menu_order":0,"comment_status":"closed","ping_status":"closed","template":"","meta":{"footnotes":""},"class_list":["post-1547","page","type-page","status-publish","hentry"],"_links":{"self":[{"href":"https:\/\/www.troikaelektronik.com\/index.php\/wp-json\/wp\/v2\/pages\/1547","targetHints":{"allow":["GET"]}}],"collection":[{"href":"https:\/\/www.troikaelektronik.com\/index.php\/wp-json\/wp\/v2\/pages"}],"about":[{"href":"https:\/\/www.troikaelektronik.com\/index.php\/wp-json\/wp\/v2\/types\/page"}],"author":[{"embeddable":true,"href":"https:\/\/www.troikaelektronik.com\/index.php\/wp-json\/wp\/v2\/users\/1"}],"replies":[{"embeddable":true,"href":"https:\/\/www.troikaelektronik.com\/index.php\/wp-json\/wp\/v2\/comments?post=1547"}],"version-history":[{"count":26,"href":"https:\/\/www.troikaelektronik.com\/index.php\/wp-json\/wp\/v2\/pages\/1547\/revisions"}],"predecessor-version":[{"id":2467,"href":"https:\/\/www.troikaelektronik.com\/index.php\/wp-json\/wp\/v2\/pages\/1547\/revisions\/2467"}],"wp:attachment":[{"href":"https:\/\/www.troikaelektronik.com\/index.php\/wp-json\/wp\/v2\/media?parent=1547"}],"curies":[{"name":"wp","href":"https:\/\/api.w.org\/{rel}","templated":true}]}}