{"id":1521,"date":"2024-06-11T07:51:23","date_gmt":"2024-06-11T07:51:23","guid":{"rendered":"https:\/\/troikaelektronik.com\/?page_id=1521"},"modified":"2024-11-13T19:00:36","modified_gmt":"2024-11-13T19:00:36","slug":"yenilenebilir-enerji","status":"publish","type":"page","link":"https:\/\/www.troikaelektronik.com\/index.php\/yenilenebilir-enerji\/","title":{"rendered":"Yenilenebilir Enerji"},"content":{"rendered":"\t\t<div data-elementor-type=\"wp-page\" data-elementor-id=\"1521\" class=\"elementor elementor-1521\">\n\t\t\t\t<div class=\"elementor-element elementor-element-6a3911c e-flex e-con-boxed e-con e-parent\" data-id=\"6a3911c\" data-element_type=\"container\">\n\t\t\t\t\t<div class=\"e-con-inner\">\n\t\t\t\t<div class=\"elementor-element elementor-element-a8d07fe elementor-widget elementor-widget-image\" data-id=\"a8d07fe\" data-element_type=\"widget\" data-widget_type=\"image.default\">\n\t\t\t\t<div class=\"elementor-widget-container\">\n\t\t\t\t\t\t\t\t\t\t\t\t\t\t\t<img fetchpriority=\"high\" decoding=\"async\" width=\"1800\" height=\"300\" src=\"https:\/\/www.troikaelektronik.com\/wp-content\/uploads\/2024\/11\/yenilenebilirenerji.jpg\" class=\"attachment-full size-full wp-image-2440\" alt=\"\" srcset=\"https:\/\/www.troikaelektronik.com\/wp-content\/uploads\/2024\/11\/yenilenebilirenerji.jpg 1800w, https:\/\/www.troikaelektronik.com\/wp-content\/uploads\/2024\/11\/yenilenebilirenerji-300x50.jpg 300w, https:\/\/www.troikaelektronik.com\/wp-content\/uploads\/2024\/11\/yenilenebilirenerji-1024x171.jpg 1024w, https:\/\/www.troikaelektronik.com\/wp-content\/uploads\/2024\/11\/yenilenebilirenerji-768x128.jpg 768w, https:\/\/www.troikaelektronik.com\/wp-content\/uploads\/2024\/11\/yenilenebilirenerji-1536x256.jpg 1536w, https:\/\/www.troikaelektronik.com\/wp-content\/uploads\/2024\/11\/yenilenebilirenerji-600x100.jpg 600w\" sizes=\"(max-width: 1800px) 100vw, 1800px\" \/>\t\t\t\t\t\t\t\t\t\t\t\t\t\t\t<\/div>\n\t\t\t\t<\/div>\n\t\t\t\t\t<\/div>\n\t\t\t\t<\/div>\n\t\t<div class=\"elementor-element elementor-element-0a81214 e-flex e-con-boxed e-con e-parent\" data-id=\"0a81214\" data-element_type=\"container\">\n\t\t\t\t\t<div class=\"e-con-inner\">\n\t\t\t\t<div class=\"elementor-element elementor-element-4785d37 elementor-widget elementor-widget-heading\" data-id=\"4785d37\" data-element_type=\"widget\" data-widget_type=\"heading.default\">\n\t\t\t\t<div class=\"elementor-widget-container\">\n\t\t\t\t\t<h2 class=\"elementor-heading-title elementor-size-default\">Yenilenebilir Enerji<\/h2>\t\t\t\t<\/div>\n\t\t\t\t<\/div>\n\t\t\t\t\t<\/div>\n\t\t\t\t<\/div>\n\t\t<div class=\"elementor-element elementor-element-3c22505 e-flex e-con-boxed e-con e-parent\" data-id=\"3c22505\" data-element_type=\"container\">\n\t\t\t\t\t<div class=\"e-con-inner\">\n\t\t\t\t<div class=\"elementor-element elementor-element-ae3a4f5 elementor-widget elementor-widget-text-editor\" data-id=\"ae3a4f5\" data-element_type=\"widget\" data-widget_type=\"text-editor.default\">\n\t\t\t\t<div class=\"elementor-widget-container\">\n\t\t\t\t\t\t\t\t\t<p>\u2022 Ba\u015fvuru S\u00fcreci ve Dan\u0131\u015fmanl\u0131k <br \/>\u2022 Proje Y\u00f6netimi<br \/>\u2022 Evrak Y\u00f6netimi<br \/>\u2022 Uygulama ve Montaj<br \/>\u2022 Yap\u0131m \u0130\u015fleri<br \/>\u2022 SCADA devreye alma ve entegrasyonu<br \/>\u2022 Test, Devreye Alma ve Kabul \u0130\u015flemleri<\/p>\t\t\t\t\t\t\t\t<\/div>\n\t\t\t\t<\/div>\n\t\t\t\t\t<\/div>\n\t\t\t\t<\/div>\n\t\t\t\t<\/div>\n\t\t","protected":false},"excerpt":{"rendered":"Yenilenebilir Enerji \u2022 Ba\u015fvuru S\u00fcreci ve Dan\u0131\u015fmanl\u0131k \u2022 Proje Y\u00f6netimi\u2022 Evrak Y\u00f6netimi\u2022 Uygulama ve Montaj\u2022 Yap\u0131m \u0130\u015fleri\u2022 SCADA devreye alma ve entegrasyonu\u2022 Test, Devreye Alma ve Kabul \u0130\u015flemleri","protected":false},"author":1,"featured_media":0,"parent":0,"menu_order":0,"comment_status":"closed","ping_status":"closed","template":"","meta":{"footnotes":""},"class_list":["post-1521","page","type-page","status-publish","hentry"],"_links":{"self":[{"href":"https:\/\/www.troikaelektronik.com\/index.php\/wp-json\/wp\/v2\/pages\/1521","targetHints":{"allow":["GET"]}}],"collection":[{"href":"https:\/\/www.troikaelektronik.com\/index.php\/wp-json\/wp\/v2\/pages"}],"about":[{"href":"https:\/\/www.troikaelektronik.com\/index.php\/wp-json\/wp\/v2\/types\/page"}],"author":[{"embeddable":true,"href":"https:\/\/www.troikaelektronik.com\/index.php\/wp-json\/wp\/v2\/users\/1"}],"replies":[{"embeddable":true,"href":"https:\/\/www.troikaelektronik.com\/index.php\/wp-json\/wp\/v2\/comments?post=1521"}],"version-history":[{"count":17,"href":"https:\/\/www.troikaelektronik.com\/index.php\/wp-json\/wp\/v2\/pages\/1521\/revisions"}],"predecessor-version":[{"id":2461,"href":"https:\/\/www.troikaelektronik.com\/index.php\/wp-json\/wp\/v2\/pages\/1521\/revisions\/2461"}],"wp:attachment":[{"href":"https:\/\/www.troikaelektronik.com\/index.php\/wp-json\/wp\/v2\/media?parent=1521"}],"curies":[{"name":"wp","href":"https:\/\/api.w.org\/{rel}","templated":true}]}}