{"id":1508,"date":"2024-06-11T07:13:15","date_gmt":"2024-06-11T07:13:15","guid":{"rendered":"https:\/\/troikaelektronik.com\/?page_id=1508"},"modified":"2025-06-22T12:22:49","modified_gmt":"2025-06-22T12:22:49","slug":"is-ortaklarimiz","status":"publish","type":"page","link":"https:\/\/www.troikaelektronik.com\/index.php\/is-ortaklarimiz\/","title":{"rendered":"\u0130\u015f Ortaklar\u0131m\u0131z"},"content":{"rendered":"\t\t<div data-elementor-type=\"wp-page\" data-elementor-id=\"1508\" class=\"elementor elementor-1508\">\n\t\t\t\t<div class=\"elementor-element elementor-element-b3797fa e-flex e-con-boxed e-con e-parent\" data-id=\"b3797fa\" data-element_type=\"container\">\n\t\t\t\t\t<div class=\"e-con-inner\">\n\t\t\t\t<div class=\"elementor-element elementor-element-a2f1eae elementor-widget elementor-widget-heading\" data-id=\"a2f1eae\" data-element_type=\"widget\" data-widget_type=\"heading.default\">\n\t\t\t\t<div class=\"elementor-widget-container\">\n\t\t\t\t\t<h2 class=\"elementor-heading-title elementor-size-default\">\u0130\u015f Ortaklar\u0131m\u0131z<\/h2>\t\t\t\t<\/div>\n\t\t\t\t<\/div>\n\t\t\t\t\t<\/div>\n\t\t\t\t<\/div>\n\t\t<div class=\"elementor-element elementor-element-b6d2dde e-flex e-con-boxed e-con e-parent\" data-id=\"b6d2dde\" data-element_type=\"container\">\n\t\t\t\t\t<div class=\"e-con-inner\">\n\t\t<div class=\"elementor-element elementor-element-d3410b8 e-grid e-con-boxed e-con e-child\" data-id=\"d3410b8\" data-element_type=\"container\">\n\t\t\t\t\t<div class=\"e-con-inner\">\n\t\t\t\t<div class=\"elementor-element elementor-element-fd9c9b3 elementor-position-top elementor-widget elementor-widget-image-box\" data-id=\"fd9c9b3\" data-element_type=\"widget\" data-widget_type=\"image-box.default\">\n\t\t\t\t<div class=\"elementor-widget-container\">\n\t\t\t\t\t<div class=\"elementor-image-box-wrapper\"><figure class=\"elementor-image-box-img\"><img fetchpriority=\"high\" decoding=\"async\" width=\"1000\" height=\"600\" src=\"https:\/\/www.troikaelektronik.com\/wp-content\/uploads\/2024\/06\/Astor.png\" class=\"attachment-full size-full wp-image-1510\" alt=\"\" srcset=\"https:\/\/www.troikaelektronik.com\/wp-content\/uploads\/2024\/06\/Astor.png 1000w, https:\/\/www.troikaelektronik.com\/wp-content\/uploads\/2024\/06\/Astor-300x180.png 300w, https:\/\/www.troikaelektronik.com\/wp-content\/uploads\/2024\/06\/Astor-768x461.png 768w, https:\/\/www.troikaelektronik.com\/wp-content\/uploads\/2024\/06\/Astor-600x360.png 600w\" sizes=\"(max-width: 1000px) 100vw, 1000px\" \/><\/figure><\/div>\t\t\t\t<\/div>\n\t\t\t\t<\/div>\n\t\t\t\t<div class=\"elementor-element elementor-element-12cb3ef elementor-position-top elementor-widget elementor-widget-image-box\" data-id=\"12cb3ef\" data-element_type=\"widget\" data-widget_type=\"image-box.default\">\n\t\t\t\t<div class=\"elementor-widget-container\">\n\t\t\t\t\t<div class=\"elementor-image-box-wrapper\"><figure class=\"elementor-image-box-img\"><img decoding=\"async\" width=\"1000\" height=\"600\" src=\"https:\/\/www.troikaelektronik.com\/wp-content\/uploads\/2024\/06\/Maysa.png\" class=\"attachment-full size-full wp-image-1512\" alt=\"\" srcset=\"https:\/\/www.troikaelektronik.com\/wp-content\/uploads\/2024\/06\/Maysa.png 1000w, https:\/\/www.troikaelektronik.com\/wp-content\/uploads\/2024\/06\/Maysa-300x180.png 300w, https:\/\/www.troikaelektronik.com\/wp-content\/uploads\/2024\/06\/Maysa-768x461.png 768w, https:\/\/www.troikaelektronik.com\/wp-content\/uploads\/2024\/06\/Maysa-600x360.png 600w\" sizes=\"(max-width: 1000px) 100vw, 1000px\" \/><\/figure><\/div>\t\t\t\t<\/div>\n\t\t\t\t<\/div>\n\t\t\t\t<div class=\"elementor-element elementor-element-696ed02 elementor-position-top elementor-widget elementor-widget-image-box\" data-id=\"696ed02\" data-element_type=\"widget\" data-widget_type=\"image-box.default\">\n\t\t\t\t<div class=\"elementor-widget-container\">\n\t\t\t\t\t<div class=\"elementor-image-box-wrapper\"><figure class=\"elementor-image-box-img\"><img decoding=\"async\" width=\"1000\" height=\"600\" src=\"https:\/\/www.troikaelektronik.com\/wp-content\/uploads\/2024\/06\/Z-Telemetri.png\" class=\"attachment-full size-full wp-image-1515\" alt=\"\" srcset=\"https:\/\/www.troikaelektronik.com\/wp-content\/uploads\/2024\/06\/Z-Telemetri.png 1000w, https:\/\/www.troikaelektronik.com\/wp-content\/uploads\/2024\/06\/Z-Telemetri-300x180.png 300w, https:\/\/www.troikaelektronik.com\/wp-content\/uploads\/2024\/06\/Z-Telemetri-768x461.png 768w, https:\/\/www.troikaelektronik.com\/wp-content\/uploads\/2024\/06\/Z-Telemetri-600x360.png 600w\" sizes=\"(max-width: 1000px) 100vw, 1000px\" \/><\/figure><\/div>\t\t\t\t<\/div>\n\t\t\t\t<\/div>\n\t\t\t\t<div class=\"elementor-element elementor-element-039a660 elementor-position-top elementor-widget elementor-widget-image-box\" data-id=\"039a660\" data-element_type=\"widget\" data-widget_type=\"image-box.default\">\n\t\t\t\t<div class=\"elementor-widget-container\">\n\t\t\t\t\t<div class=\"elementor-image-box-wrapper\"><figure class=\"elementor-image-box-img\"><img loading=\"lazy\" decoding=\"async\" width=\"1000\" height=\"600\" src=\"https:\/\/www.troikaelektronik.com\/wp-content\/uploads\/2025\/05\/Pavotek.png\" class=\"attachment-full size-full wp-image-2602\" alt=\"\" srcset=\"https:\/\/www.troikaelektronik.com\/wp-content\/uploads\/2025\/05\/Pavotek.png 1000w, https:\/\/www.troikaelektronik.com\/wp-content\/uploads\/2025\/05\/Pavotek-300x180.png 300w, https:\/\/www.troikaelektronik.com\/wp-content\/uploads\/2025\/05\/Pavotek-768x461.png 768w, https:\/\/www.troikaelektronik.com\/wp-content\/uploads\/2025\/05\/Pavotek-600x360.png 600w\" sizes=\"(max-width: 1000px) 100vw, 1000px\" \/><\/figure><\/div>\t\t\t\t<\/div>\n\t\t\t\t<\/div>\n\t\t\t\t\t<\/div>\n\t\t\t\t<\/div>\n\t\t\t\t\t<\/div>\n\t\t\t\t<\/div>\n\t\t\t\t<\/div>\n\t\t","protected":false},"excerpt":{"rendered":"\u0130\u015f Ortaklar\u0131m\u0131z","protected":false},"author":1,"featured_media":0,"parent":0,"menu_order":0,"comment_status":"closed","ping_status":"closed","template":"","meta":{"footnotes":""},"class_list":["post-1508","page","type-page","status-publish","hentry"],"_links":{"self":[{"href":"https:\/\/www.troikaelektronik.com\/index.php\/wp-json\/wp\/v2\/pages\/1508","targetHints":{"allow":["GET"]}}],"collection":[{"href":"https:\/\/www.troikaelektronik.com\/index.php\/wp-json\/wp\/v2\/pages"}],"about":[{"href":"https:\/\/www.troikaelektronik.com\/index.php\/wp-json\/wp\/v2\/types\/page"}],"author":[{"embeddable":true,"href":"https:\/\/www.troikaelektronik.com\/index.php\/wp-json\/wp\/v2\/users\/1"}],"replies":[{"embeddable":true,"href":"https:\/\/www.troikaelektronik.com\/index.php\/wp-json\/wp\/v2\/comments?post=1508"}],"version-history":[{"count":25,"href":"https:\/\/www.troikaelektronik.com\/index.php\/wp-json\/wp\/v2\/pages\/1508\/revisions"}],"predecessor-version":[{"id":2842,"href":"https:\/\/www.troikaelektronik.com\/index.php\/wp-json\/wp\/v2\/pages\/1508\/revisions\/2842"}],"wp:attachment":[{"href":"https:\/\/www.troikaelektronik.com\/index.php\/wp-json\/wp\/v2\/media?parent=1508"}],"curies":[{"name":"wp","href":"https:\/\/api.w.org\/{rel}","templated":true}]}}