{"id":1493,"date":"2024-06-11T06:54:22","date_gmt":"2024-06-11T06:54:22","guid":{"rendered":"https:\/\/troikaelektronik.com\/?page_id=1493"},"modified":"2024-07-19T12:25:52","modified_gmt":"2024-07-19T12:25:52","slug":"hakkimizda","status":"publish","type":"page","link":"https:\/\/www.troikaelektronik.com\/index.php\/hakkimizda\/","title":{"rendered":"Kurumsal"},"content":{"rendered":"\t\t<div data-elementor-type=\"wp-page\" data-elementor-id=\"1493\" class=\"elementor elementor-1493\">\n\t\t\t\t<div class=\"elementor-element elementor-element-05c7159 e-flex e-con-boxed e-con e-parent\" data-id=\"05c7159\" data-element_type=\"container\">\n\t\t\t\t\t<div class=\"e-con-inner\">\n\t\t\t\t<div class=\"elementor-element elementor-element-88e6e96 elementor-widget elementor-widget-heading\" data-id=\"88e6e96\" data-element_type=\"widget\" data-widget_type=\"heading.default\">\n\t\t\t\t<div class=\"elementor-widget-container\">\n\t\t\t\t\t<h2 class=\"elementor-heading-title elementor-size-default\">Kurumsal<\/h2>\t\t\t\t<\/div>\n\t\t\t\t<\/div>\n\t\t\t\t\t<\/div>\n\t\t\t\t<\/div>\n\t\t<div class=\"elementor-element elementor-element-8fd7976 e-flex e-con-boxed e-con e-parent\" data-id=\"8fd7976\" data-element_type=\"container\">\n\t\t\t\t\t<div class=\"e-con-inner\">\n\t\t\t\t<div class=\"elementor-element elementor-element-66ae341 elementor-widget elementor-widget-image\" data-id=\"66ae341\" data-element_type=\"widget\" data-widget_type=\"image.default\">\n\t\t\t\t<div class=\"elementor-widget-container\">\n\t\t\t\t\t\t\t\t\t\t\t\t\t\t\t<img fetchpriority=\"high\" decoding=\"async\" width=\"1800\" height=\"300\" src=\"https:\/\/www.troikaelektronik.com\/wp-content\/uploads\/2024\/07\/Hakkinimizda.jpg\" class=\"attachment-full size-full wp-image-2154\" alt=\"\" srcset=\"https:\/\/www.troikaelektronik.com\/wp-content\/uploads\/2024\/07\/Hakkinimizda.jpg 1800w, https:\/\/www.troikaelektronik.com\/wp-content\/uploads\/2024\/07\/Hakkinimizda-300x50.jpg 300w, https:\/\/www.troikaelektronik.com\/wp-content\/uploads\/2024\/07\/Hakkinimizda-1024x171.jpg 1024w, https:\/\/www.troikaelektronik.com\/wp-content\/uploads\/2024\/07\/Hakkinimizda-768x128.jpg 768w, https:\/\/www.troikaelektronik.com\/wp-content\/uploads\/2024\/07\/Hakkinimizda-1536x256.jpg 1536w, https:\/\/www.troikaelektronik.com\/wp-content\/uploads\/2024\/07\/Hakkinimizda-600x100.jpg 600w\" sizes=\"(max-width: 1800px) 100vw, 1800px\" \/>\t\t\t\t\t\t\t\t\t\t\t\t\t\t\t<\/div>\n\t\t\t\t<\/div>\n\t\t\t\t\t<\/div>\n\t\t\t\t<\/div>\n\t\t<div class=\"elementor-element elementor-element-b3de9c0 e-flex e-con-boxed e-con e-parent\" data-id=\"b3de9c0\" data-element_type=\"container\">\n\t\t\t\t\t<div class=\"e-con-inner\">\n\t\t\t\t<div class=\"elementor-element elementor-element-5e4d028 elementor-widget elementor-widget-heading\" data-id=\"5e4d028\" data-element_type=\"widget\" data-widget_type=\"heading.default\">\n\t\t\t\t<div class=\"elementor-widget-container\">\n\t\t\t\t\t<h3 class=\"elementor-heading-title elementor-size-default\">Hakk\u0131m\u0131zda<\/h3>\t\t\t\t<\/div>\n\t\t\t\t<\/div>\n\t\t<div class=\"elementor-element elementor-element-1e7bcc4 e-con-full e-flex e-con e-child\" data-id=\"1e7bcc4\" data-element_type=\"container\">\n\t\t\t\t<div class=\"elementor-element elementor-element-0013608 elementor-widget elementor-widget-text-editor\" data-id=\"0013608\" data-element_type=\"widget\" data-widget_type=\"text-editor.default\">\n\t\t\t\t<div class=\"elementor-widget-container\">\n\t\t\t\t\t\t\t\t\t<p>\u00a0 \u00a0 \u00a0 \u00a0 \u00a0Troika; Elektrik iletim, da\u011f\u0131t\u0131m \u015febekelerinde ve yenilenebilir enerji alanlar\u0131nda \u00e7\u00f6z\u00fcm \u00fcreten bir \u015firkettir. Ayr\u0131ca g\u00fc\u00e7 elektroni\u011fi alan\u0131nda \u00fcr\u00fcn geli\u015ftirme \u00e7al\u0131\u015fmalar\u0131 yapmaktad\u0131r.<\/p>\t\t\t\t\t\t\t\t<\/div>\n\t\t\t\t<\/div>\n\t\t\t\t<div class=\"elementor-element elementor-element-7ff65e4 elementor-widget elementor-widget-text-editor\" data-id=\"7ff65e4\" data-element_type=\"widget\" data-widget_type=\"text-editor.default\">\n\t\t\t\t<div class=\"elementor-widget-container\">\n\t\t\t\t\t\t\t\t\t<p>\u00a0 \u00a0 \u00a0 \u00a0 \u00a0\u0130letim ve Da\u011f\u0131t\u0131m seviyesinde ENH ve Trafo Merkezi projelendirilmesi, tasar\u0131m\u0131, et\u00fct yap\u0131lmas\u0131, tesis yap\u0131m i\u015fleri, devreye al\u0131nmas\u0131, i\u015fletme ve bak\u0131m hizmeti, deplase yap\u0131lmas\u0131, SCADA kurulumu ve g\u00fc\u00e7 kalitesi \u00e7\u00f6z\u00fcmleri konusunda \u00e7\u00f6z\u00fcmler sunmaktad\u0131r. Ayr\u0131ca Yenilenebilir Enerjide ba\u015fvuru s\u00fcrecinden devreye al\u0131nmas\u0131na kadar olan t\u00fcm s\u00fcre\u00e7lere \u00e7\u00f6z\u00fcm sunmaktad\u0131r.<\/p><p>\u00a0 \u00a0 \u00a0 \u00a0 \u00a0Elektrik \u0130letim ve Da\u011f\u0131t\u0131m \u015eirketlerinde y\u00fcr\u00fct\u00fclen b\u00fct\u00fcn s\u00fcre\u00e7lerde dan\u0131\u015fmanl\u0131k hizmeti sunmaktad\u0131r.<\/p>\t\t\t\t\t\t\t\t<\/div>\n\t\t\t\t<\/div>\n\t\t\t\t<\/div>\n\t\t\t\t\t<\/div>\n\t\t\t\t<\/div>\n\t\t<div class=\"elementor-element elementor-element-217d0b5 e-flex e-con-boxed e-con e-parent\" data-id=\"217d0b5\" data-element_type=\"container\">\n\t\t\t\t\t<div class=\"e-con-inner\">\n\t\t\t\t<div class=\"elementor-element elementor-element-28e277d elementor-widget elementor-widget-image\" data-id=\"28e277d\" data-element_type=\"widget\" data-widget_type=\"image.default\">\n\t\t\t\t<div class=\"elementor-widget-container\">\n\t\t\t\t\t\t\t\t\t\t\t\t\t\t\t<img decoding=\"async\" width=\"1800\" height=\"300\" src=\"https:\/\/www.troikaelektronik.com\/wp-content\/uploads\/2024\/07\/Misyon.jpg\" class=\"attachment-full size-full wp-image-2155\" alt=\"\" srcset=\"https:\/\/www.troikaelektronik.com\/wp-content\/uploads\/2024\/07\/Misyon.jpg 1800w, https:\/\/www.troikaelektronik.com\/wp-content\/uploads\/2024\/07\/Misyon-300x50.jpg 300w, https:\/\/www.troikaelektronik.com\/wp-content\/uploads\/2024\/07\/Misyon-1024x171.jpg 1024w, https:\/\/www.troikaelektronik.com\/wp-content\/uploads\/2024\/07\/Misyon-768x128.jpg 768w, https:\/\/www.troikaelektronik.com\/wp-content\/uploads\/2024\/07\/Misyon-1536x256.jpg 1536w, https:\/\/www.troikaelektronik.com\/wp-content\/uploads\/2024\/07\/Misyon-600x100.jpg 600w\" sizes=\"(max-width: 1800px) 100vw, 1800px\" \/>\t\t\t\t\t\t\t\t\t\t\t\t\t\t\t<\/div>\n\t\t\t\t<\/div>\n\t\t\t\t<div class=\"elementor-element elementor-element-358007c elementor-widget elementor-widget-text-editor\" data-id=\"358007c\" data-element_type=\"widget\" data-widget_type=\"text-editor.default\">\n\t\t\t\t<div class=\"elementor-widget-container\">\n\t\t\t\t\t\t\t\t\t<h3>Misyonumuz<\/h3><p>Kaliteli \u00e7\u00f6z\u00fcmler sunarak m\u00fc\u015fteri memnuniyetini \u00fcst seviyede tutmak ve s\u00fcrd\u00fcr\u00fclebilir olmak.<\/p><p>\u00c7al\u0131\u015fanlar\u0131m\u0131z\u0131n ve m\u00fc\u015fterilerimizin mutlu oldu\u011fu bir ortam yaratmak.<\/p><h3>Vizyonumuz<\/h3><p>AR-GE \u00e7al\u0131\u015fmalar\u0131 yaparak teknoloji \u00fcretmek ve insanl\u0131\u011fa faydal\u0131 olmak.<\/p>\t\t\t\t\t\t\t\t<\/div>\n\t\t\t\t<\/div>\n\t\t\t\t\t<\/div>\n\t\t\t\t<\/div>\n\t\t<div class=\"elementor-element elementor-element-873117e e-grid e-con-full e-con e-parent\" data-id=\"873117e\" data-element_type=\"container\">\n\t\t\t\t<div class=\"elementor-element elementor-element-93c5efe elementor-widget elementor-widget-image\" data-id=\"93c5efe\" data-element_type=\"widget\" data-widget_type=\"image.default\">\n\t\t\t\t<div class=\"elementor-widget-container\">\n\t\t\t\t\t\t\t\t\t\t\t\t\t\t\t<img decoding=\"async\" width=\"150\" height=\"150\" src=\"https:\/\/www.troikaelektronik.com\/wp-content\/uploads\/2024\/07\/Kalite-150x150.png\" class=\"attachment-thumbnail size-thumbnail wp-image-2140\" alt=\"\" srcset=\"https:\/\/www.troikaelektronik.com\/wp-content\/uploads\/2024\/07\/Kalite-150x150.png 150w, https:\/\/www.troikaelektronik.com\/wp-content\/uploads\/2024\/07\/Kalite-300x300.png 300w, https:\/\/www.troikaelektronik.com\/wp-content\/uploads\/2024\/07\/Kalite-100x100.png 100w, https:\/\/www.troikaelektronik.com\/wp-content\/uploads\/2024\/07\/Kalite.png 425w\" sizes=\"(max-width: 150px) 100vw, 150px\" \/>\t\t\t\t\t\t\t\t\t\t\t\t\t\t\t<\/div>\n\t\t\t\t<\/div>\n\t\t\t\t<div class=\"elementor-element elementor-element-15481b6 elementor-widget elementor-widget-image\" data-id=\"15481b6\" data-element_type=\"widget\" data-widget_type=\"image.default\">\n\t\t\t\t<div class=\"elementor-widget-container\">\n\t\t\t\t\t\t\t\t\t\t\t\t\t\t\t<img loading=\"lazy\" decoding=\"async\" width=\"150\" height=\"150\" src=\"https:\/\/www.troikaelektronik.com\/wp-content\/uploads\/2024\/07\/Musteri-Memnuniyeti-150x150.png\" class=\"attachment-thumbnail size-thumbnail wp-image-2141\" alt=\"\" srcset=\"https:\/\/www.troikaelektronik.com\/wp-content\/uploads\/2024\/07\/Musteri-Memnuniyeti-150x150.png 150w, https:\/\/www.troikaelektronik.com\/wp-content\/uploads\/2024\/07\/Musteri-Memnuniyeti-300x300.png 300w, https:\/\/www.troikaelektronik.com\/wp-content\/uploads\/2024\/07\/Musteri-Memnuniyeti-100x100.png 100w, https:\/\/www.troikaelektronik.com\/wp-content\/uploads\/2024\/07\/Musteri-Memnuniyeti.png 425w\" sizes=\"(max-width: 150px) 100vw, 150px\" \/>\t\t\t\t\t\t\t\t\t\t\t\t\t\t\t<\/div>\n\t\t\t\t<\/div>\n\t\t\t\t<div class=\"elementor-element elementor-element-e31a7ff elementor-widget elementor-widget-image\" data-id=\"e31a7ff\" data-element_type=\"widget\" data-widget_type=\"image.default\">\n\t\t\t\t<div class=\"elementor-widget-container\">\n\t\t\t\t\t\t\t\t\t\t\t\t\t\t\t<img loading=\"lazy\" decoding=\"async\" width=\"150\" height=\"150\" src=\"https:\/\/www.troikaelektronik.com\/wp-content\/uploads\/2024\/07\/Surdurulebilirlik-150x150.png\" class=\"attachment-thumbnail size-thumbnail wp-image-2142\" alt=\"\" srcset=\"https:\/\/www.troikaelektronik.com\/wp-content\/uploads\/2024\/07\/Surdurulebilirlik-150x150.png 150w, https:\/\/www.troikaelektronik.com\/wp-content\/uploads\/2024\/07\/Surdurulebilirlik-300x300.png 300w, https:\/\/www.troikaelektronik.com\/wp-content\/uploads\/2024\/07\/Surdurulebilirlik-100x100.png 100w, https:\/\/www.troikaelektronik.com\/wp-content\/uploads\/2024\/07\/Surdurulebilirlik.png 425w\" sizes=\"(max-width: 150px) 100vw, 150px\" \/>\t\t\t\t\t\t\t\t\t\t\t\t\t\t\t<\/div>\n\t\t\t\t<\/div>\n\t\t\t\t<\/div>\n\t\t<div class=\"elementor-element elementor-element-0e0a8bf e-grid e-con-full e-con e-parent\" data-id=\"0e0a8bf\" data-element_type=\"container\">\n\t\t\t\t<div class=\"elementor-element elementor-element-9cf40e4 elementor-widget elementor-widget-heading\" data-id=\"9cf40e4\" data-element_type=\"widget\" data-widget_type=\"heading.default\">\n\t\t\t\t<div class=\"elementor-widget-container\">\n\t\t\t\t\t<h5 class=\"elementor-heading-title elementor-size-default\">KAL\u0130TE<\/h5>\t\t\t\t<\/div>\n\t\t\t\t<\/div>\n\t\t\t\t<div class=\"elementor-element elementor-element-c99518d elementor-widget elementor-widget-heading\" data-id=\"c99518d\" data-element_type=\"widget\" data-widget_type=\"heading.default\">\n\t\t\t\t<div class=\"elementor-widget-container\">\n\t\t\t\t\t<h5 class=\"elementor-heading-title elementor-size-default\">S\u00dcRD\u00dcR\u00dcLEB\u0130L\u0130RL\u0130K<\/h5>\t\t\t\t<\/div>\n\t\t\t\t<\/div>\n\t\t\t\t<div class=\"elementor-element elementor-element-db4cd73 elementor-widget elementor-widget-heading\" data-id=\"db4cd73\" data-element_type=\"widget\" data-widget_type=\"heading.default\">\n\t\t\t\t<div class=\"elementor-widget-container\">\n\t\t\t\t\t<h5 class=\"elementor-heading-title elementor-size-default\">M\u00dc\u015eTER\u0130 MEMNUN\u0130YET\u0130<\/h5>\t\t\t\t<\/div>\n\t\t\t\t<\/div>\n\t\t\t\t<\/div>\n\t\t<div class=\"elementor-element elementor-element-c0bf0e9 e-flex e-con-boxed e-con e-parent\" data-id=\"c0bf0e9\" data-element_type=\"container\">\n\t\t\t\t\t<div class=\"e-con-inner\">\n\t\t<div class=\"elementor-element elementor-element-b5aef98 e-grid e-con-full e-con e-child\" data-id=\"b5aef98\" data-element_type=\"container\">\n\t\t\t\t<div class=\"elementor-element elementor-element-da06712 elementor-widget elementor-widget-text-editor\" data-id=\"da06712\" data-element_type=\"widget\" data-widget_type=\"text-editor.default\">\n\t\t\t\t<div class=\"elementor-widget-container\">\n\t\t\t\t\t\t\t\t\t<p>M\u00fc\u015fterilerimizin ihtiya\u00e7lar\u0131n\u0131 \u00f6n planda tutarak kaliteli \u00fcr\u00fcn ve hizmetler sunmak.<\/p>\t\t\t\t\t\t\t\t<\/div>\n\t\t\t\t<\/div>\n\t\t\t\t<div class=\"elementor-element elementor-element-c8cd342 elementor-widget elementor-widget-text-editor\" data-id=\"c8cd342\" data-element_type=\"widget\" data-widget_type=\"text-editor.default\">\n\t\t\t\t<div class=\"elementor-widget-container\">\n\t\t\t\t\t\t\t\t\t<p>Sat\u0131\u015f \u00f6ncesi ve sonras\u0131 kesintisiz destek vererek kaliteli \u00e7\u00f6z\u00fcmler ile m\u00fc\u015fteri memnuniyetini en \u00fcst seviyede tutmak.<\/p>\t\t\t\t\t\t\t\t<\/div>\n\t\t\t\t<\/div>\n\t\t\t\t<div class=\"elementor-element elementor-element-8e88e33 elementor-widget elementor-widget-text-editor\" data-id=\"8e88e33\" data-element_type=\"widget\" data-widget_type=\"text-editor.default\">\n\t\t\t\t<div class=\"elementor-widget-container\">\n\t\t\t\t\t\t\t\t\t<p>Kaliteli \u00e7\u00f6z\u00fcmler ve m\u00fc\u015fteri memnuniyeti ile s\u00fcrd\u00fcr\u00fclebilir olmak.<\/p>\t\t\t\t\t\t\t\t<\/div>\n\t\t\t\t<\/div>\n\t\t\t\t<\/div>\n\t\t\t\t\t<\/div>\n\t\t\t\t<\/div>\n\t\t\t\t<\/div>\n\t\t","protected":false},"excerpt":{"rendered":"Kurumsal Hakk\u0131m\u0131zda \u00a0 \u00a0 \u00a0 \u00a0 \u00a0Troika; Elektrik iletim, da\u011f\u0131t\u0131m \u015febekelerinde ve yenilenebilir enerji alanlar\u0131nda \u00e7\u00f6z\u00fcm \u00fcreten bir \u015firkettir. Ayr\u0131ca g\u00fc\u00e7 elektroni\u011fi alan\u0131nda \u00fcr\u00fcn geli\u015ftirme \u00e7al\u0131\u015fmalar\u0131 yapmaktad\u0131r. \u00a0 \u00a0 \u00a0 \u00a0 \u00a0\u0130letim ve Da\u011f\u0131t\u0131m seviyesinde ENH ve Trafo Merkezi projelendirilmesi, tasar\u0131m\u0131, et\u00fct yap\u0131lmas\u0131, tesis yap\u0131m i\u015fleri, devreye al\u0131nmas\u0131, i\u015fletme ve bak\u0131m hizmeti, deplase yap\u0131lmas\u0131, SCADA&#8230;","protected":false},"author":1,"featured_media":0,"parent":0,"menu_order":0,"comment_status":"closed","ping_status":"closed","template":"","meta":{"footnotes":""},"class_list":["post-1493","page","type-page","status-publish","hentry"],"_links":{"self":[{"href":"https:\/\/www.troikaelektronik.com\/index.php\/wp-json\/wp\/v2\/pages\/1493","targetHints":{"allow":["GET"]}}],"collection":[{"href":"https:\/\/www.troikaelektronik.com\/index.php\/wp-json\/wp\/v2\/pages"}],"about":[{"href":"https:\/\/www.troikaelektronik.com\/index.php\/wp-json\/wp\/v2\/types\/page"}],"author":[{"embeddable":true,"href":"https:\/\/www.troikaelektronik.com\/index.php\/wp-json\/wp\/v2\/users\/1"}],"replies":[{"embeddable":true,"href":"https:\/\/www.troikaelektronik.com\/index.php\/wp-json\/wp\/v2\/comments?post=1493"}],"version-history":[{"count":50,"href":"https:\/\/www.troikaelektronik.com\/index.php\/wp-json\/wp\/v2\/pages\/1493\/revisions"}],"predecessor-version":[{"id":2162,"href":"https:\/\/www.troikaelektronik.com\/index.php\/wp-json\/wp\/v2\/pages\/1493\/revisions\/2162"}],"wp:attachment":[{"href":"https:\/\/www.troikaelektronik.com\/index.php\/wp-json\/wp\/v2\/media?parent=1493"}],"curies":[{"name":"wp","href":"https:\/\/api.w.org\/{rel}","templated":true}]}}