{"id":1395,"date":"2024-06-10T16:09:43","date_gmt":"2024-06-10T16:09:43","guid":{"rendered":"https:\/\/troikaelektronik.com\/?page_id=1395"},"modified":"2024-11-13T19:58:05","modified_gmt":"2024-11-13T19:58:05","slug":"hizmetlerimiz","status":"publish","type":"page","link":"https:\/\/www.troikaelektronik.com\/index.php\/hizmetlerimiz\/","title":{"rendered":"Hizmetlerimiz"},"content":{"rendered":"\t\t<div data-elementor-type=\"wp-page\" data-elementor-id=\"1395\" class=\"elementor elementor-1395\">\n\t\t\t\t<div class=\"elementor-element elementor-element-a6ac378 e-flex e-con-boxed e-con e-parent\" data-id=\"a6ac378\" data-element_type=\"container\">\n\t\t\t\t\t<div class=\"e-con-inner\">\n\t\t\t\t<div class=\"elementor-element elementor-element-22b09ff elementor-widget elementor-widget-heading\" data-id=\"22b09ff\" data-element_type=\"widget\" data-widget_type=\"heading.default\">\n\t\t\t\t<div class=\"elementor-widget-container\">\n\t\t\t\t\t<h2 class=\"elementor-heading-title elementor-size-default\">Hizmetlerimiz<\/h2>\t\t\t\t<\/div>\n\t\t\t\t<\/div>\n\t\t\t\t\t<\/div>\n\t\t\t\t<\/div>\n\t\t<div class=\"elementor-element elementor-element-4ba638d e-flex e-con-boxed e-con e-parent\" data-id=\"4ba638d\" data-element_type=\"container\">\n\t\t\t\t\t<div class=\"e-con-inner\">\n\t\t\t\t<div class=\"elementor-element elementor-element-5f9758b elementor-widget elementor-widget-vt-windfall_services\" data-id=\"5f9758b\" data-element_type=\"widget\" data-settings=\"{&quot;services_align&quot;:&quot;center&quot;}\" data-widget_type=\"vt-windfall_services.default\">\n\t\t\t\t<div class=\"elementor-widget-container\">\n\t\t\t\t\t<div class=\"wndfal-services service-center-align\"><div class=\"container\"><div class=\"row\"><div class=\"col-lg-3 col-md-12\">\r\n\t\t\t\t\t\t\t        <div class=\"service-item\">\r\n\t\t\t\t\t\t\t          <div class=\"wndfal-icon\">\r\n\t\t\t\t\t\t\t            <img decoding=\"async\" src=\"https:\/\/www.troikaelektronik.com\/wp-content\/uploads\/2024\/11\/Tesis-Yapim-Isleri-r.png\" width=\"62\" alt=\"\" class=\"default-image\"><img decoding=\"async\" src=\"https:\/\/www.troikaelektronik.com\/wp-content\/uploads\/2024\/11\/Tesis-Yapim-Isleri-s.png\" width=\"62\" alt=\"\" class=\"hover-image\">\r\n\t\t\t\t\t\t\t          <\/div>\r\n\t\t\t\t\t\t\t          <h3 class=\"service-title\"><a href=\"https:\/\/www.troikaelektronik.com\/index.php\/tesis-yapim-isleri\/\"  >Tesis Yap\u0131m \u0130\u015fleri<\/a><\/h3>\r\n\t\t\t\t\t\t\t          \r\n\t\t\t\t\t\t\t          <div class=\"wndfal-btns-group\">\r\n\t\t\t\t\t\t\t\t\t        \r\n\t\t\t\t\t\t\t\t\t      <\/div>\r\n\t\t\t\t\t\t\t        <\/div>\r\n\t\t\t\t\t\t\t      <\/div><div class=\"col-lg-3 col-md-12\">\r\n\t\t\t\t\t\t\t        <div class=\"service-item\">\r\n\t\t\t\t\t\t\t          <div class=\"wndfal-icon\">\r\n\t\t\t\t\t\t\t            <img decoding=\"async\" src=\"https:\/\/www.troikaelektronik.com\/wp-content\/uploads\/2024\/11\/Isletme-ve-Bakim-r.png\" width=\"62\" alt=\"\" class=\"default-image\"><img decoding=\"async\" src=\"https:\/\/www.troikaelektronik.com\/wp-content\/uploads\/2024\/11\/Isletme-ve-Bakim-s.png\" width=\"62\" alt=\"\" class=\"hover-image\">\r\n\t\t\t\t\t\t\t          <\/div>\r\n\t\t\t\t\t\t\t          <h3 class=\"service-title\"><a href=\"https:\/\/www.troikaelektronik.com\/index.php\/isletme-ve-bakim\/\"  >\u0130\u015fletme ve Bak\u0131m<\/a><\/h3>\r\n\t\t\t\t\t\t\t          \r\n\t\t\t\t\t\t\t          <div class=\"wndfal-btns-group\">\r\n\t\t\t\t\t\t\t\t\t        \r\n\t\t\t\t\t\t\t\t\t      <\/div>\r\n\t\t\t\t\t\t\t        <\/div>\r\n\t\t\t\t\t\t\t      <\/div><div class=\"col-lg-3 col-md-12\">\r\n\t\t\t\t\t\t\t        <div class=\"service-item\">\r\n\t\t\t\t\t\t\t          <div class=\"wndfal-icon\">\r\n\t\t\t\t\t\t\t            <img decoding=\"async\" src=\"https:\/\/www.troikaelektronik.com\/wp-content\/uploads\/2024\/11\/Proje-Etut-Tasarim-r.png\" width=\"62\" alt=\"\" class=\"default-image\"><img decoding=\"async\" src=\"https:\/\/www.troikaelektronik.com\/wp-content\/uploads\/2024\/11\/Proje-Etut-Tasarim-s.png\" width=\"62\" alt=\"\" class=\"hover-image\">\r\n\t\t\t\t\t\t\t          <\/div>\r\n\t\t\t\t\t\t\t          <h3 class=\"service-title\"><a href=\"https:\/\/www.troikaelektronik.com\/index.php\/proje-etud-tasarim\/\"  >Proje Et\u00fct Tasar\u0131m<\/a><\/h3>\r\n\t\t\t\t\t\t\t          \r\n\t\t\t\t\t\t\t          <div class=\"wndfal-btns-group\">\r\n\t\t\t\t\t\t\t\t\t        \r\n\t\t\t\t\t\t\t\t\t      <\/div>\r\n\t\t\t\t\t\t\t        <\/div>\r\n\t\t\t\t\t\t\t      <\/div><div class=\"col-lg-3 col-md-12\">\r\n\t\t\t\t\t\t\t        <div class=\"service-item\">\r\n\t\t\t\t\t\t\t          <div class=\"wndfal-icon\">\r\n\t\t\t\t\t\t\t            <img decoding=\"async\" src=\"https:\/\/www.troikaelektronik.com\/wp-content\/uploads\/2024\/11\/AGOG-Proje-Cizimleri-r.png\" width=\"62\" alt=\"\" class=\"default-image\"><img decoding=\"async\" src=\"https:\/\/www.troikaelektronik.com\/wp-content\/uploads\/2024\/11\/AGOG-Proje-Cizimleri-s.png\" width=\"62\" alt=\"\" class=\"hover-image\">\r\n\t\t\t\t\t\t\t          <\/div>\r\n\t\t\t\t\t\t\t          <h3 class=\"service-title\"><a href=\"https:\/\/www.troikaelektronik.com\/index.php\/ag-og-proje-cizimleri\/\"  >AG\/OG Proje \u00c7izimleri<\/a><\/h3>\r\n\t\t\t\t\t\t\t          \r\n\t\t\t\t\t\t\t          <div class=\"wndfal-btns-group\">\r\n\t\t\t\t\t\t\t\t\t        \r\n\t\t\t\t\t\t\t\t\t      <\/div>\r\n\t\t\t\t\t\t\t        <\/div>\r\n\t\t\t\t\t\t\t      <\/div><div class=\"col-lg-3 col-md-12\">\r\n\t\t\t\t\t\t\t        <div class=\"service-item\">\r\n\t\t\t\t\t\t\t          <div class=\"wndfal-icon\">\r\n\t\t\t\t\t\t\t            <img decoding=\"async\" src=\"https:\/\/www.troikaelektronik.com\/wp-content\/uploads\/2024\/11\/SCADA-Kurulum-r.png\" width=\"62\" alt=\"\" class=\"default-image\"><img decoding=\"async\" src=\"https:\/\/www.troikaelektronik.com\/wp-content\/uploads\/2024\/11\/SCADA-Kurulum-s.png\" width=\"62\" alt=\"\" class=\"hover-image\">\r\n\t\t\t\t\t\t\t          <\/div>\r\n\t\t\t\t\t\t\t          <h3 class=\"service-title\"><a href=\"https:\/\/www.troikaelektronik.com\/index.php\/scada-kurulum\/\"  >SCADA Kurulum<\/a><\/h3>\r\n\t\t\t\t\t\t\t          \r\n\t\t\t\t\t\t\t          <div class=\"wndfal-btns-group\">\r\n\t\t\t\t\t\t\t\t\t        \r\n\t\t\t\t\t\t\t\t\t      <\/div>\r\n\t\t\t\t\t\t\t        <\/div>\r\n\t\t\t\t\t\t\t      <\/div><div class=\"col-lg-3 col-md-12\">\r\n\t\t\t\t\t\t\t        <div class=\"service-item\">\r\n\t\t\t\t\t\t\t          <div class=\"wndfal-icon\">\r\n\t\t\t\t\t\t\t            <img decoding=\"async\" src=\"https:\/\/www.troikaelektronik.com\/wp-content\/uploads\/2024\/11\/Danismanlik-Hizmetleri-r.png\" width=\"62\" alt=\"\" class=\"default-image\"><img decoding=\"async\" src=\"https:\/\/www.troikaelektronik.com\/wp-content\/uploads\/2024\/11\/Danismanlik-Hizmetleri-s.png\" width=\"62\" alt=\"\" class=\"hover-image\">\r\n\t\t\t\t\t\t\t          <\/div>\r\n\t\t\t\t\t\t\t          <h3 class=\"service-title\"><a href=\"https:\/\/www.troikaelektronik.com\/index.php\/danismanlik-hizmetleri\/\"  >Dan\u0131\u015fmanl\u0131k Hizmetleri<\/a><\/h3>\r\n\t\t\t\t\t\t\t          \r\n\t\t\t\t\t\t\t          <div class=\"wndfal-btns-group\">\r\n\t\t\t\t\t\t\t\t\t        \r\n\t\t\t\t\t\t\t\t\t      <\/div>\r\n\t\t\t\t\t\t\t        <\/div>\r\n\t\t\t\t\t\t\t      <\/div><div class=\"col-lg-3 col-md-12\">\r\n\t\t\t\t\t\t\t        <div class=\"service-item\">\r\n\t\t\t\t\t\t\t          <div class=\"wndfal-icon\">\r\n\t\t\t\t\t\t\t            <img decoding=\"async\" src=\"https:\/\/www.troikaelektronik.com\/wp-content\/uploads\/2024\/11\/Yenilenebilir-Enerji-r.png\" width=\"62\" alt=\"\" class=\"default-image\"><img decoding=\"async\" src=\"https:\/\/www.troikaelektronik.com\/wp-content\/uploads\/2024\/11\/Yenilenebilir-Enerji-s.png\" width=\"62\" alt=\"\" class=\"hover-image\">\r\n\t\t\t\t\t\t\t          <\/div>\r\n\t\t\t\t\t\t\t          <h3 class=\"service-title\"><a href=\"https:\/\/www.troikaelektronik.com\/index.php\/yenilenebilir-enerji\/\"  >Yenilenebilir Enerji<\/a><\/h3>\r\n\t\t\t\t\t\t\t          \r\n\t\t\t\t\t\t\t          <div class=\"wndfal-btns-group\">\r\n\t\t\t\t\t\t\t\t\t        \r\n\t\t\t\t\t\t\t\t\t      <\/div>\r\n\t\t\t\t\t\t\t        <\/div>\r\n\t\t\t\t\t\t\t      <\/div><div class=\"col-lg-3 col-md-12\">\r\n\t\t\t\t\t\t\t        <div class=\"service-item\">\r\n\t\t\t\t\t\t\t          <div class=\"wndfal-icon\">\r\n\t\t\t\t\t\t\t            <img decoding=\"async\" src=\"https:\/\/www.troikaelektronik.com\/wp-content\/uploads\/2024\/11\/Deplase-r.png\" width=\"62\" alt=\"\" class=\"default-image\"><img decoding=\"async\" src=\"https:\/\/www.troikaelektronik.com\/wp-content\/uploads\/2024\/11\/Deplase-s.png\" width=\"62\" alt=\"\" class=\"hover-image\">\r\n\t\t\t\t\t\t\t          <\/div>\r\n\t\t\t\t\t\t\t          <h3 class=\"service-title\"><a href=\"https:\/\/www.troikaelektronik.com\/index.php\/deplase\/\"  >Deplase<\/a><\/h3>\r\n\t\t\t\t\t\t\t          \r\n\t\t\t\t\t\t\t          <div class=\"wndfal-btns-group\">\r\n\t\t\t\t\t\t\t\t\t        \r\n\t\t\t\t\t\t\t\t\t      <\/div>\r\n\t\t\t\t\t\t\t        <\/div>\r\n\t\t\t\t\t\t\t      <\/div><div class=\"col-lg-3 col-md-12\">\r\n\t\t\t\t\t\t\t        <div class=\"service-item\">\r\n\t\t\t\t\t\t\t          <div class=\"wndfal-icon\">\r\n\t\t\t\t\t\t\t            <img decoding=\"async\" src=\"https:\/\/www.troikaelektronik.com\/wp-content\/uploads\/2024\/11\/Test-ve-Devreye-Alma-r.png\" width=\"62\" alt=\"\" class=\"default-image\"><img decoding=\"async\" src=\"https:\/\/www.troikaelektronik.com\/wp-content\/uploads\/2024\/11\/Test-ve-Devreye-Alma-s.png\" width=\"62\" alt=\"\" class=\"hover-image\">\r\n\t\t\t\t\t\t\t          <\/div>\r\n\t\t\t\t\t\t\t          <h3 class=\"service-title\"><a href=\"https:\/\/www.troikaelektronik.com\/index.php\/test-ve-devreye-alma\/\"  >Test ve Devreye Alma<\/a><\/h3>\r\n\t\t\t\t\t\t\t          \r\n\t\t\t\t\t\t\t          <div class=\"wndfal-btns-group\">\r\n\t\t\t\t\t\t\t\t\t        \r\n\t\t\t\t\t\t\t\t\t      <\/div>\r\n\t\t\t\t\t\t\t        <\/div>\r\n\t\t\t\t\t\t\t      <\/div><div class=\"col-lg-3 col-md-12\">\r\n\t\t\t\t\t\t\t        <div class=\"service-item\">\r\n\t\t\t\t\t\t\t          <div class=\"wndfal-icon\">\r\n\t\t\t\t\t\t\t            <img decoding=\"async\" src=\"https:\/\/www.troikaelektronik.com\/wp-content\/uploads\/2024\/11\/Guc-Kalitesi-Cozumleri-r.png\" width=\"62\" alt=\"\" class=\"default-image\"><img decoding=\"async\" src=\"https:\/\/www.troikaelektronik.com\/wp-content\/uploads\/2024\/11\/Guc-Kalitesi-Cozumleri-s.png\" width=\"62\" alt=\"\" class=\"hover-image\">\r\n\t\t\t\t\t\t\t          <\/div>\r\n\t\t\t\t\t\t\t          <h3 class=\"service-title\"><a href=\"https:\/\/www.troikaelektronik.com\/index.php\/guc-kalitesi-cozumleri\/\"  >G\u00fc\u00e7 Kalitesi \u00c7\u00f6z\u00fcmleri<\/a><\/h3>\r\n\t\t\t\t\t\t\t          \r\n\t\t\t\t\t\t\t          <div class=\"wndfal-btns-group\">\r\n\t\t\t\t\t\t\t\t\t        \r\n\t\t\t\t\t\t\t\t\t      <\/div>\r\n\t\t\t\t\t\t\t        <\/div>\r\n\t\t\t\t\t\t\t      <\/div><\/div><\/div><\/div>\t\t\t\t<\/div>\n\t\t\t\t<\/div>\n\t\t\t\t\t<\/div>\n\t\t\t\t<\/div>\n\t\t\t\t<\/div>\n\t\t","protected":false},"excerpt":{"rendered":"Hizmetlerimiz Tesis Yap\u0131m \u0130\u015fleri \u0130\u015fletme ve Bak\u0131m Proje Et\u00fct Tasar\u0131m AG\/OG Proje \u00c7izimleri SCADA Kurulum Dan\u0131\u015fmanl\u0131k Hizmetleri Yenilenebilir Enerji Deplase Test ve Devreye Alma G\u00fc\u00e7 Kalitesi \u00c7\u00f6z\u00fcmleri","protected":false},"author":1,"featured_media":0,"parent":0,"menu_order":0,"comment_status":"closed","ping_status":"closed","template":"","meta":{"footnotes":""},"class_list":["post-1395","page","type-page","status-publish","hentry"],"_links":{"self":[{"href":"https:\/\/www.troikaelektronik.com\/index.php\/wp-json\/wp\/v2\/pages\/1395","targetHints":{"allow":["GET"]}}],"collection":[{"href":"https:\/\/www.troikaelektronik.com\/index.php\/wp-json\/wp\/v2\/pages"}],"about":[{"href":"https:\/\/www.troikaelektronik.com\/index.php\/wp-json\/wp\/v2\/types\/page"}],"author":[{"embeddable":true,"href":"https:\/\/www.troikaelektronik.com\/index.php\/wp-json\/wp\/v2\/users\/1"}],"replies":[{"embeddable":true,"href":"https:\/\/www.troikaelektronik.com\/index.php\/wp-json\/wp\/v2\/comments?post=1395"}],"version-history":[{"count":49,"href":"https:\/\/www.troikaelektronik.com\/index.php\/wp-json\/wp\/v2\/pages\/1395\/revisions"}],"predecessor-version":[{"id":2507,"href":"https:\/\/www.troikaelektronik.com\/index.php\/wp-json\/wp\/v2\/pages\/1395\/revisions\/2507"}],"wp:attachment":[{"href":"https:\/\/www.troikaelektronik.com\/index.php\/wp-json\/wp\/v2\/media?parent=1395"}],"curies":[{"name":"wp","href":"https:\/\/api.w.org\/{rel}","templated":true}]}}