{"id":1362,"date":"2024-06-10T15:56:17","date_gmt":"2024-06-10T15:56:17","guid":{"rendered":"https:\/\/troikaelektronik.com\/?page_id=1362"},"modified":"2024-11-13T18:59:38","modified_gmt":"2024-11-13T18:59:38","slug":"danismanlik-hizmetleri","status":"publish","type":"page","link":"https:\/\/www.troikaelektronik.com\/index.php\/danismanlik-hizmetleri\/","title":{"rendered":"Dan\u0131\u015fmanl\u0131k Hizmetleri"},"content":{"rendered":"\t\t<div data-elementor-type=\"wp-page\" data-elementor-id=\"1362\" class=\"elementor elementor-1362\">\n\t\t\t\t<div class=\"elementor-element elementor-element-4c4884e e-flex e-con-boxed e-con e-parent\" data-id=\"4c4884e\" data-element_type=\"container\">\n\t\t\t\t\t<div class=\"e-con-inner\">\n\t\t\t\t<div class=\"elementor-element elementor-element-4a20918 elementor-widget elementor-widget-image\" data-id=\"4a20918\" data-element_type=\"widget\" data-widget_type=\"image.default\">\n\t\t\t\t<div class=\"elementor-widget-container\">\n\t\t\t\t\t\t\t\t\t\t\t\t\t\t\t<img fetchpriority=\"high\" decoding=\"async\" width=\"1800\" height=\"300\" src=\"https:\/\/www.troikaelektronik.com\/wp-content\/uploads\/2024\/11\/danismanlikhizmetleri.jpg\" class=\"attachment-full size-full wp-image-2432\" alt=\"\" srcset=\"https:\/\/www.troikaelektronik.com\/wp-content\/uploads\/2024\/11\/danismanlikhizmetleri.jpg 1800w, https:\/\/www.troikaelektronik.com\/wp-content\/uploads\/2024\/11\/danismanlikhizmetleri-300x50.jpg 300w, https:\/\/www.troikaelektronik.com\/wp-content\/uploads\/2024\/11\/danismanlikhizmetleri-1024x171.jpg 1024w, https:\/\/www.troikaelektronik.com\/wp-content\/uploads\/2024\/11\/danismanlikhizmetleri-768x128.jpg 768w, https:\/\/www.troikaelektronik.com\/wp-content\/uploads\/2024\/11\/danismanlikhizmetleri-1536x256.jpg 1536w, https:\/\/www.troikaelektronik.com\/wp-content\/uploads\/2024\/11\/danismanlikhizmetleri-600x100.jpg 600w\" sizes=\"(max-width: 1800px) 100vw, 1800px\" \/>\t\t\t\t\t\t\t\t\t\t\t\t\t\t\t<\/div>\n\t\t\t\t<\/div>\n\t\t\t\t\t<\/div>\n\t\t\t\t<\/div>\n\t\t<div class=\"elementor-element elementor-element-cd96f63 e-flex e-con-boxed e-con e-parent\" data-id=\"cd96f63\" data-element_type=\"container\">\n\t\t\t\t\t<div class=\"e-con-inner\">\n\t\t\t\t<div class=\"elementor-element elementor-element-96116b9 elementor-widget elementor-widget-heading\" data-id=\"96116b9\" data-element_type=\"widget\" data-widget_type=\"heading.default\">\n\t\t\t\t<div class=\"elementor-widget-container\">\n\t\t\t\t\t<h2 class=\"elementor-heading-title elementor-size-default\">Dan\u0131\u015fmanl\u0131k Hizmetleri<\/h2>\t\t\t\t<\/div>\n\t\t\t\t<\/div>\n\t\t\t\t\t<\/div>\n\t\t\t\t<\/div>\n\t\t<div class=\"elementor-element elementor-element-84198ae e-flex e-con-boxed e-con e-parent\" data-id=\"84198ae\" data-element_type=\"container\">\n\t\t\t\t\t<div class=\"e-con-inner\">\n\t\t\t\t<div class=\"elementor-element elementor-element-e43c825 elementor-widget elementor-widget-text-editor\" data-id=\"e43c825\" data-element_type=\"widget\" data-widget_type=\"text-editor.default\">\n\t\t\t\t<div class=\"elementor-widget-container\">\n\t\t\t\t\t\t\t\t\t<p>\u2022 154\/380 kV \u0130letim Hatlar\u0131<br \/>\u2022 Trafo Merkezleri<br \/>\u2022 GES\/RES \u00dcretim Tesisleri<br \/>\u2022 34,5 kV Da\u011f\u0131t\u0131m Tesisleri<br \/>\u2022 \u0130\u015fletme Bak\u0131m<br \/>\u2022 G\u00fc\u00e7 kalitesi \u00f6l\u00e7\u00fcmleri<br \/>\u2022 Reakt\u00f6r-Kapasit\u00f6r hesaplar\u0131 ve \u00e7\u00f6z\u00fcmleri<br \/>\u2022 SCADA<br \/>\u2022 Test ve Devreye Alma<br \/>\u2022 Ba\u011flant\u0131 G\u00f6r\u00fc\u015f\u00fc<br \/>\u2022 Deplase<br \/>\u2022 Yap\u0131m i\u015fi-Proje-Et\u00fct \u00c7al\u0131\u015fmalar\u0131<br \/>\u2022 Mevzuatsal ve Teknik Olarak Gerekli \u00c7\u00f6z\u00fcm \u00d6nerilerinin \u00dcretilmesi ve Uygulanmas\u0131<\/p>\t\t\t\t\t\t\t\t<\/div>\n\t\t\t\t<\/div>\n\t\t\t\t\t<\/div>\n\t\t\t\t<\/div>\n\t\t\t\t<\/div>\n\t\t","protected":false},"excerpt":{"rendered":"Dan\u0131\u015fmanl\u0131k Hizmetleri \u2022 154\/380 kV \u0130letim Hatlar\u0131\u2022 Trafo Merkezleri\u2022 GES\/RES \u00dcretim Tesisleri\u2022 34,5 kV Da\u011f\u0131t\u0131m Tesisleri\u2022 \u0130\u015fletme Bak\u0131m\u2022 G\u00fc\u00e7 kalitesi \u00f6l\u00e7\u00fcmleri\u2022 Reakt\u00f6r-Kapasit\u00f6r hesaplar\u0131 ve \u00e7\u00f6z\u00fcmleri\u2022 SCADA\u2022 Test ve Devreye Alma\u2022 Ba\u011flant\u0131 G\u00f6r\u00fc\u015f\u00fc\u2022 Deplase\u2022 Yap\u0131m i\u015fi-Proje-Et\u00fct \u00c7al\u0131\u015fmalar\u0131\u2022 Mevzuatsal ve Teknik Olarak Gerekli \u00c7\u00f6z\u00fcm \u00d6nerilerinin \u00dcretilmesi ve Uygulanmas\u0131","protected":false},"author":1,"featured_media":0,"parent":0,"menu_order":0,"comment_status":"closed","ping_status":"closed","template":"","meta":{"footnotes":""},"class_list":["post-1362","page","type-page","status-publish","hentry"],"_links":{"self":[{"href":"https:\/\/www.troikaelektronik.com\/index.php\/wp-json\/wp\/v2\/pages\/1362","targetHints":{"allow":["GET"]}}],"collection":[{"href":"https:\/\/www.troikaelektronik.com\/index.php\/wp-json\/wp\/v2\/pages"}],"about":[{"href":"https:\/\/www.troikaelektronik.com\/index.php\/wp-json\/wp\/v2\/types\/page"}],"author":[{"embeddable":true,"href":"https:\/\/www.troikaelektronik.com\/index.php\/wp-json\/wp\/v2\/users\/1"}],"replies":[{"embeddable":true,"href":"https:\/\/www.troikaelektronik.com\/index.php\/wp-json\/wp\/v2\/comments?post=1362"}],"version-history":[{"count":29,"href":"https:\/\/www.troikaelektronik.com\/index.php\/wp-json\/wp\/v2\/pages\/1362\/revisions"}],"predecessor-version":[{"id":2458,"href":"https:\/\/www.troikaelektronik.com\/index.php\/wp-json\/wp\/v2\/pages\/1362\/revisions\/2458"}],"wp:attachment":[{"href":"https:\/\/www.troikaelektronik.com\/index.php\/wp-json\/wp\/v2\/media?parent=1362"}],"curies":[{"name":"wp","href":"https:\/\/api.w.org\/{rel}","templated":true}]}}