{"id":1353,"date":"2024-06-10T15:54:18","date_gmt":"2024-06-10T15:54:18","guid":{"rendered":"https:\/\/troikaelektronik.com\/?page_id=1353"},"modified":"2025-09-10T15:51:33","modified_gmt":"2025-09-10T15:51:33","slug":"scada-kurulum","status":"publish","type":"page","link":"https:\/\/www.troikaelektronik.com\/index.php\/scada-kurulum\/","title":{"rendered":"SCADA Kurulum"},"content":{"rendered":"\t\t<div data-elementor-type=\"wp-page\" data-elementor-id=\"1353\" class=\"elementor elementor-1353\">\n\t\t\t\t<div class=\"elementor-element elementor-element-efd4de9 e-flex e-con-boxed e-con e-parent\" data-id=\"efd4de9\" data-element_type=\"container\">\n\t\t\t\t\t<div class=\"e-con-inner\">\n\t\t\t\t<div class=\"elementor-element elementor-element-c12e5bb elementor-widget elementor-widget-image\" data-id=\"c12e5bb\" data-element_type=\"widget\" data-widget_type=\"image.default\">\n\t\t\t\t<div class=\"elementor-widget-container\">\n\t\t\t\t\t\t\t\t\t\t\t\t\t\t\t<img fetchpriority=\"high\" decoding=\"async\" width=\"1800\" height=\"300\" src=\"https:\/\/www.troikaelektronik.com\/wp-content\/uploads\/2024\/11\/scadakurulum.jpg\" class=\"attachment-full size-full wp-image-2437\" alt=\"\" srcset=\"https:\/\/www.troikaelektronik.com\/wp-content\/uploads\/2024\/11\/scadakurulum.jpg 1800w, https:\/\/www.troikaelektronik.com\/wp-content\/uploads\/2024\/11\/scadakurulum-300x50.jpg 300w, https:\/\/www.troikaelektronik.com\/wp-content\/uploads\/2024\/11\/scadakurulum-1024x171.jpg 1024w, https:\/\/www.troikaelektronik.com\/wp-content\/uploads\/2024\/11\/scadakurulum-768x128.jpg 768w, https:\/\/www.troikaelektronik.com\/wp-content\/uploads\/2024\/11\/scadakurulum-1536x256.jpg 1536w, https:\/\/www.troikaelektronik.com\/wp-content\/uploads\/2024\/11\/scadakurulum-600x100.jpg 600w\" sizes=\"(max-width: 1800px) 100vw, 1800px\" \/>\t\t\t\t\t\t\t\t\t\t\t\t\t\t\t<\/div>\n\t\t\t\t<\/div>\n\t\t\t\t\t<\/div>\n\t\t\t\t<\/div>\n\t\t<div class=\"elementor-element elementor-element-806e5c7 e-flex e-con-boxed e-con e-parent\" data-id=\"806e5c7\" data-element_type=\"container\">\n\t\t\t\t\t<div class=\"e-con-inner\">\n\t\t\t\t<div class=\"elementor-element elementor-element-2c9f63a elementor-widget elementor-widget-heading\" data-id=\"2c9f63a\" data-element_type=\"widget\" data-widget_type=\"heading.default\">\n\t\t\t\t<div class=\"elementor-widget-container\">\n\t\t\t\t\t<h2 class=\"elementor-heading-title elementor-size-default\">SCADA Kurulum<\/h2>\t\t\t\t<\/div>\n\t\t\t\t<\/div>\n\t\t\t\t<div class=\"elementor-element elementor-element-94f77e2 elementor-widget elementor-widget-heading\" data-id=\"94f77e2\" data-element_type=\"widget\" data-widget_type=\"heading.default\">\n\t\t\t\t<div class=\"elementor-widget-container\">\n\t\t\t\t\t<h6 class=\"elementor-heading-title elementor-size-default\">RTU Entegrasyonu ve Da\u011f\u0131t\u0131k \u00dcretim \u0130zleme \u00c7\u00f6z\u00fcmleri<\/h6>\t\t\t\t<\/div>\n\t\t\t\t<\/div>\n\t\t\t\t\t<\/div>\n\t\t\t\t<\/div>\n\t\t<div class=\"elementor-element elementor-element-8c29b08 e-flex e-con-boxed e-con e-parent\" data-id=\"8c29b08\" data-element_type=\"container\">\n\t\t\t\t\t<div class=\"e-con-inner\">\n\t\t\t\t<div class=\"elementor-element elementor-element-b280a6e elementor-widget elementor-widget-text-editor\" data-id=\"b280a6e\" data-element_type=\"widget\" data-widget_type=\"text-editor.default\">\n\t\t\t\t<div class=\"elementor-widget-container\">\n\t\t\t\t\t\t\t\t\t<p>Enerji \u00fcretim ve da\u011f\u0131t\u0131m sekt\u00f6r\u00fcnde; g\u00fcne\u015f enerjisi santralleri (GES), r\u00fczgar enerjisi santralleri (RES) ve trafo merkezleri i\u00e7in SCADA saha kurulumu, RTU entegrasyonu ve da\u011f\u0131t\u0131m \u015firketi SCADA sistemleri ile haberle\u015fme \u00e7\u00f6z\u00fcmleri sunuyoruz.<br \/>Sahadaki \u00fcretim verilerini g\u00fcvenli ve h\u0131zl\u0131 \u015fekilde merkezi SCADA sistemine aktararak ger\u00e7ek zamanl\u0131 izleme ve kontrol imkan\u0131 sa\u011fl\u0131yoruz.<\/p>\t\t\t\t\t\t\t\t<\/div>\n\t\t\t\t<\/div>\n\t\t\t\t<div class=\"elementor-element elementor-element-622f6d9 elementor-widget elementor-widget-heading\" data-id=\"622f6d9\" data-element_type=\"widget\" data-widget_type=\"heading.default\">\n\t\t\t\t<div class=\"elementor-widget-container\">\n\t\t\t\t\t<h6 class=\"elementor-heading-title elementor-size-default\">Sundu\u011fumuz Hizmetler<\/h6>\t\t\t\t<\/div>\n\t\t\t\t<\/div>\n\t\t\t\t<div class=\"elementor-element elementor-element-71c2696 elementor-widget elementor-widget-text-editor\" data-id=\"71c2696\" data-element_type=\"widget\" data-widget_type=\"text-editor.default\">\n\t\t\t\t<div class=\"elementor-widget-container\">\n\t\t\t\t\t\t\t\t\t<p>\u2022 Da\u011f\u0131t\u0131k \u00fcretim tesisleri (GES, RES) i\u00e7in SCADA saha kurulumu<br \/>\u2022 RTU (Remote Terminal Unit) kurulumu, konfig\u00fcrasyonu ve devreye al\u0131nmas\u0131<br \/>\u2022 Da\u011f\u0131t\u0131m \u015firketi SCADA sistemleri ile uyumlu entegrasyon<br \/>\u2022 IEC 60870-5-101 \/ IEC 60870-5-104, Modbus vb. haberle\u015fme protokollerinin kurulumu<br \/>\u2022 Sistem testi, devreye alma ve teknik destek<\/p>\t\t\t\t\t\t\t\t<\/div>\n\t\t\t\t<\/div>\n\t\t\t\t<div class=\"elementor-element elementor-element-cd15e35 elementor-widget elementor-widget-heading\" data-id=\"cd15e35\" data-element_type=\"widget\" data-widget_type=\"heading.default\">\n\t\t\t\t<div class=\"elementor-widget-container\">\n\t\t\t\t\t<h6 class=\"elementor-heading-title elementor-size-default\">\u00c7\u00f6z\u00fcm S\u00fcrecimiz<\/h6>\t\t\t\t<\/div>\n\t\t\t\t<\/div>\n\t\t\t\t<div class=\"elementor-element elementor-element-fbff755 elementor-widget elementor-widget-text-editor\" data-id=\"fbff755\" data-element_type=\"widget\" data-widget_type=\"text-editor.default\">\n\t\t\t\t<div class=\"elementor-widget-container\">\n\t\t\t\t\t\t\t\t\t<p>1\ufe0f\u20e3 Sahada ke\u015fif ve ihtiya\u00e7 analizi<br \/>2\ufe0f\u20e3 RTU ve ileti\u015fim altyap\u0131s\u0131n\u0131n kurulumu<br \/>3\ufe0f\u20e3 SCADA yaz\u0131l\u0131m\u0131na veri aktar\u0131m\u0131 i\u00e7in yap\u0131land\u0131rma<br \/>4\ufe0f\u20e3 Test ve devreye alma s\u00fcreci<br \/>5\ufe0f\u20e3 Uzaktan izleme, periyodik bak\u0131m ve destek<\/p>\t\t\t\t\t\t\t\t<\/div>\n\t\t\t\t<\/div>\n\t\t\t\t<div class=\"elementor-element elementor-element-6006196 elementor-widget elementor-widget-heading\" data-id=\"6006196\" data-element_type=\"widget\" data-widget_type=\"heading.default\">\n\t\t\t\t<div class=\"elementor-widget-container\">\n\t\t\t\t\t<h6 class=\"elementor-heading-title elementor-size-default\">Avantajlar\u0131n\u0131z<\/h6>\t\t\t\t<\/div>\n\t\t\t\t<\/div>\n\t\t\t\t<div class=\"elementor-element elementor-element-8dc6cf4 elementor-widget elementor-widget-text-editor\" data-id=\"8dc6cf4\" data-element_type=\"widget\" data-widget_type=\"text-editor.default\">\n\t\t\t\t<div class=\"elementor-widget-container\">\n\t\t\t\t\t\t\t\t\t<p>\u2022 GES ve RES gibi da\u011f\u0131t\u0131k \u00fcretim tesislerinden ger\u00e7ek zamanl\u0131 veri toplama<br \/>\u2022 \u00dcretim de\u011ferlerinin merkezi SCADA yaz\u0131l\u0131m\u0131na aktar\u0131lmas\u0131<br \/>\u2022 Enerji \u00fcretimini anl\u0131k olarak izleme ve raporlama<br \/>\u2022 Ar\u0131za ve performans sorunlar\u0131n\u0131n h\u0131zl\u0131 tespiti<br \/>\u2022 Da\u011f\u0131t\u0131m \u015firketi ile haberle\u015fmede tam uyum<\/p>\t\t\t\t\t\t\t\t<\/div>\n\t\t\t\t<\/div>\n\t\t\t\t<div class=\"elementor-element elementor-element-5869909 elementor-widget elementor-widget-heading\" data-id=\"5869909\" data-element_type=\"widget\" data-widget_type=\"heading.default\">\n\t\t\t\t<div class=\"elementor-widget-container\">\n\t\t\t\t\t<h6 class=\"elementor-heading-title elementor-size-default\">Neden Troika Elektronik?<\/h6>\t\t\t\t<\/div>\n\t\t\t\t<\/div>\n\t\t\t\t<div class=\"elementor-element elementor-element-10139cb elementor-widget elementor-widget-text-editor\" data-id=\"10139cb\" data-element_type=\"widget\" data-widget_type=\"text-editor.default\">\n\t\t\t\t<div class=\"elementor-widget-container\">\n\t\t\t\t\t\t\t\t\t<p>\u2022 Yenilenebilir enerji santrallerinde (GES &amp; RES) SCADA entegrasyon tecr\u00fcbesi<br \/>\u2022 Uluslararas\u0131 haberle\u015fme protokollerine tam uyum<br \/>\u2022 Uzman m\u00fchendislik kadrosu ve h\u0131zl\u0131 kurulum s\u00fcre\u00e7leri<br \/>\u2022 G\u00fcvenilir ve s\u00fcrd\u00fcr\u00fclebilir veri izleme altyap\u0131s\u0131<\/p>\t\t\t\t\t\t\t\t<\/div>\n\t\t\t\t<\/div>\n\t\t\t\t\t<\/div>\n\t\t\t\t<\/div>\n\t\t\t\t<\/div>\n\t\t","protected":false},"excerpt":{"rendered":"SCADA Kurulum RTU Entegrasyonu ve Da\u011f\u0131t\u0131k \u00dcretim \u0130zleme \u00c7\u00f6z\u00fcmleri Enerji \u00fcretim ve da\u011f\u0131t\u0131m sekt\u00f6r\u00fcnde; g\u00fcne\u015f enerjisi santralleri (GES), r\u00fczgar enerjisi santralleri (RES) ve trafo merkezleri i\u00e7in SCADA saha kurulumu, RTU entegrasyonu ve da\u011f\u0131t\u0131m \u015firketi SCADA sistemleri ile haberle\u015fme \u00e7\u00f6z\u00fcmleri sunuyoruz.Sahadaki \u00fcretim verilerini g\u00fcvenli ve h\u0131zl\u0131 \u015fekilde merkezi SCADA sistemine aktararak ger\u00e7ek zamanl\u0131 izleme ve kontrol&#8230;","protected":false},"author":1,"featured_media":0,"parent":0,"menu_order":0,"comment_status":"closed","ping_status":"closed","template":"","meta":{"footnotes":""},"class_list":["post-1353","page","type-page","status-publish","hentry"],"_links":{"self":[{"href":"https:\/\/www.troikaelektronik.com\/index.php\/wp-json\/wp\/v2\/pages\/1353","targetHints":{"allow":["GET"]}}],"collection":[{"href":"https:\/\/www.troikaelektronik.com\/index.php\/wp-json\/wp\/v2\/pages"}],"about":[{"href":"https:\/\/www.troikaelektronik.com\/index.php\/wp-json\/wp\/v2\/types\/page"}],"author":[{"embeddable":true,"href":"https:\/\/www.troikaelektronik.com\/index.php\/wp-json\/wp\/v2\/users\/1"}],"replies":[{"embeddable":true,"href":"https:\/\/www.troikaelektronik.com\/index.php\/wp-json\/wp\/v2\/comments?post=1353"}],"version-history":[{"count":32,"href":"https:\/\/www.troikaelektronik.com\/index.php\/wp-json\/wp\/v2\/pages\/1353\/revisions"}],"predecessor-version":[{"id":3019,"href":"https:\/\/www.troikaelektronik.com\/index.php\/wp-json\/wp\/v2\/pages\/1353\/revisions\/3019"}],"wp:attachment":[{"href":"https:\/\/www.troikaelektronik.com\/index.php\/wp-json\/wp\/v2\/media?parent=1353"}],"curies":[{"name":"wp","href":"https:\/\/api.w.org\/{rel}","templated":true}]}}