{"id":1341,"date":"2024-06-10T15:51:24","date_gmt":"2024-06-10T15:51:24","guid":{"rendered":"https:\/\/troikaelektronik.com\/?page_id=1341"},"modified":"2024-11-13T18:56:51","modified_gmt":"2024-11-13T18:56:51","slug":"proje-etud-tasarim","status":"publish","type":"page","link":"https:\/\/www.troikaelektronik.com\/index.php\/proje-etud-tasarim\/","title":{"rendered":"Proje Et\u00fct Tasar\u0131m"},"content":{"rendered":"\t\t<div data-elementor-type=\"wp-page\" data-elementor-id=\"1341\" class=\"elementor elementor-1341\">\n\t\t\t\t<div class=\"elementor-element elementor-element-9a038e6 e-flex e-con-boxed e-con e-parent\" data-id=\"9a038e6\" data-element_type=\"container\">\n\t\t\t\t\t<div class=\"e-con-inner\">\n\t\t\t\t<div class=\"elementor-element elementor-element-8443dea elementor-widget elementor-widget-image\" data-id=\"8443dea\" data-element_type=\"widget\" data-widget_type=\"image.default\">\n\t\t\t\t<div class=\"elementor-widget-container\">\n\t\t\t\t\t\t\t\t\t\t\t\t\t\t\t<img fetchpriority=\"high\" decoding=\"async\" width=\"1800\" height=\"300\" src=\"https:\/\/www.troikaelektronik.com\/wp-content\/uploads\/2024\/11\/projeetuttasarim.jpg\" class=\"attachment-full size-full wp-image-2436\" alt=\"\" srcset=\"https:\/\/www.troikaelektronik.com\/wp-content\/uploads\/2024\/11\/projeetuttasarim.jpg 1800w, https:\/\/www.troikaelektronik.com\/wp-content\/uploads\/2024\/11\/projeetuttasarim-300x50.jpg 300w, https:\/\/www.troikaelektronik.com\/wp-content\/uploads\/2024\/11\/projeetuttasarim-1024x171.jpg 1024w, https:\/\/www.troikaelektronik.com\/wp-content\/uploads\/2024\/11\/projeetuttasarim-768x128.jpg 768w, https:\/\/www.troikaelektronik.com\/wp-content\/uploads\/2024\/11\/projeetuttasarim-1536x256.jpg 1536w, https:\/\/www.troikaelektronik.com\/wp-content\/uploads\/2024\/11\/projeetuttasarim-600x100.jpg 600w\" sizes=\"(max-width: 1800px) 100vw, 1800px\" \/>\t\t\t\t\t\t\t\t\t\t\t\t\t\t\t<\/div>\n\t\t\t\t<\/div>\n\t\t\t\t\t<\/div>\n\t\t\t\t<\/div>\n\t\t<div class=\"elementor-element elementor-element-6ca0c30 e-flex e-con-boxed e-con e-parent\" data-id=\"6ca0c30\" data-element_type=\"container\">\n\t\t\t\t\t<div class=\"e-con-inner\">\n\t\t\t\t<div class=\"elementor-element elementor-element-76054c1 elementor-widget elementor-widget-heading\" data-id=\"76054c1\" data-element_type=\"widget\" data-widget_type=\"heading.default\">\n\t\t\t\t<div class=\"elementor-widget-container\">\n\t\t\t\t\t<h2 class=\"elementor-heading-title elementor-size-default\">Proje Et\u00fct Tasar\u0131m<\/h2>\t\t\t\t<\/div>\n\t\t\t\t<\/div>\n\t\t\t\t\t<\/div>\n\t\t\t\t<\/div>\n\t\t<div class=\"elementor-element elementor-element-6ccef96 e-flex e-con-boxed e-con e-parent\" data-id=\"6ccef96\" data-element_type=\"container\">\n\t\t\t\t\t<div class=\"e-con-inner\">\n\t\t\t\t<div class=\"elementor-element elementor-element-38019c0 elementor-widget elementor-widget-text-editor\" data-id=\"38019c0\" data-element_type=\"widget\" data-widget_type=\"text-editor.default\">\n\t\t\t\t<div class=\"elementor-widget-container\">\n\t\t\t\t\t\t\t\t\t<h6>154-380 kV Enerji \u0130letim Hatlar\u0131<\/h6><p>\u2022 Proje y\u00f6netimi ve sistem entegrasyonu<br \/>\u2022 Topografik ve jeolojik et\u00fctler<br \/>\u2022 Elektriksel tasar\u0131m ve hesaplar<br \/>\u2022 Yerle\u015fim ve fiziki projelendirme<br \/>\u2022 \u0130n\u015faat projelendirmesi<br \/>\u2022 Hat et\u00fcd\u00fc, g\u00fczerg\u00e2h harita, plan ve profillerinin haz\u0131rlanmas\u0131<br \/>\u2022 Kamula\u015ft\u0131rma plan ve belgelerinin haz\u0131rlanmas\u0131<br \/>\u2022 \u00c7evre Etki De\u011ferlendirme \u00e7al\u0131\u015fmalar\u0131<br \/>\u2022 Zemin et\u00fctleri<br \/>\u2022 Hat projelendirme, direk da\u011f\u0131t\u0131m\u0131 ve optimizasyonu<br \/>\u2022 Direk tasar\u0131m\u0131<br \/>\u2022 Direk imalat resimleri<br \/>\u2022 Direk imalat detaylar\u0131 ve kartlar\u0131<br \/>\u2022 Aplikasyon ve direklerin i\u015faretlenmesi<\/p><h6>Trafo Merkezleri<\/h6><p>\u2022 Proje y\u00f6netimi ve sistem entegrasyonu<br \/>\u2022 Topografik ve jeolojik et\u00fctler<br \/>\u2022 Elektriksel tasar\u0131m ve hesaplar<br \/>\u2022 Yerle\u015fim ve fiziki projelendirme<br \/>\u2022 \u0130n\u015faat projelendirmesi<br \/>\u2022 Kamula\u015ft\u0131rma plan ve belgelerinin haz\u0131rlanmas\u0131<br \/>\u2022 \u00c7evre Etki De\u011ferlendirme \u00e7al\u0131\u015fmalar\u0131<br \/>\u2022 Zemin et\u00fctleri<\/p><h6>34,5 kV Da\u011f\u0131t\u0131m Tesisleri<\/h6><p>\u2022 Proje y\u00f6netimi ve sistem entegrasyonu,<br \/>\u2022 Topografik ve jeolojik et\u00fctler,<br \/>\u2022 Elektriksel tasar\u0131m ve hesaplar,<br \/>\u2022 Yerle\u015fim ve fiziki projelendirme,<br \/>\u2022 \u0130n\u015faat projelendirmesi<\/p>\t\t\t\t\t\t\t\t<\/div>\n\t\t\t\t<\/div>\n\t\t\t\t\t<\/div>\n\t\t\t\t<\/div>\n\t\t\t\t<\/div>\n\t\t","protected":false},"excerpt":{"rendered":"Proje Et\u00fct Tasar\u0131m 154-380 kV Enerji \u0130letim Hatlar\u0131 \u2022 Proje y\u00f6netimi ve sistem entegrasyonu\u2022 Topografik ve jeolojik et\u00fctler\u2022 Elektriksel tasar\u0131m ve hesaplar\u2022 Yerle\u015fim ve fiziki projelendirme\u2022 \u0130n\u015faat projelendirmesi\u2022 Hat et\u00fcd\u00fc, g\u00fczerg\u00e2h harita, plan ve profillerinin haz\u0131rlanmas\u0131\u2022 Kamula\u015ft\u0131rma plan ve belgelerinin haz\u0131rlanmas\u0131\u2022 \u00c7evre Etki De\u011ferlendirme \u00e7al\u0131\u015fmalar\u0131\u2022 Zemin et\u00fctleri\u2022 Hat projelendirme, direk da\u011f\u0131t\u0131m\u0131 ve optimizasyonu\u2022 Direk tasar\u0131m\u0131\u2022&#8230;","protected":false},"author":1,"featured_media":0,"parent":0,"menu_order":0,"comment_status":"closed","ping_status":"closed","template":"","meta":{"footnotes":""},"class_list":["post-1341","page","type-page","status-publish","hentry"],"_links":{"self":[{"href":"https:\/\/www.troikaelektronik.com\/index.php\/wp-json\/wp\/v2\/pages\/1341","targetHints":{"allow":["GET"]}}],"collection":[{"href":"https:\/\/www.troikaelektronik.com\/index.php\/wp-json\/wp\/v2\/pages"}],"about":[{"href":"https:\/\/www.troikaelektronik.com\/index.php\/wp-json\/wp\/v2\/types\/page"}],"author":[{"embeddable":true,"href":"https:\/\/www.troikaelektronik.com\/index.php\/wp-json\/wp\/v2\/users\/1"}],"replies":[{"embeddable":true,"href":"https:\/\/www.troikaelektronik.com\/index.php\/wp-json\/wp\/v2\/comments?post=1341"}],"version-history":[{"count":29,"href":"https:\/\/www.troikaelektronik.com\/index.php\/wp-json\/wp\/v2\/pages\/1341\/revisions"}],"predecessor-version":[{"id":2449,"href":"https:\/\/www.troikaelektronik.com\/index.php\/wp-json\/wp\/v2\/pages\/1341\/revisions\/2449"}],"wp:attachment":[{"href":"https:\/\/www.troikaelektronik.com\/index.php\/wp-json\/wp\/v2\/media?parent=1341"}],"curies":[{"name":"wp","href":"https:\/\/api.w.org\/{rel}","templated":true}]}}