{"id":1332,"date":"2024-06-10T15:48:47","date_gmt":"2024-06-10T15:48:47","guid":{"rendered":"https:\/\/troikaelektronik.com\/?page_id=1332"},"modified":"2024-11-13T18:55:56","modified_gmt":"2024-11-13T18:55:56","slug":"isletme-ve-bakim","status":"publish","type":"page","link":"https:\/\/www.troikaelektronik.com\/index.php\/isletme-ve-bakim\/","title":{"rendered":"\u0130\u015fletme ve Bak\u0131m"},"content":{"rendered":"\t\t<div data-elementor-type=\"wp-page\" data-elementor-id=\"1332\" class=\"elementor elementor-1332\">\n\t\t\t\t<div class=\"elementor-element elementor-element-fa4e15f e-flex e-con-boxed e-con e-parent\" data-id=\"fa4e15f\" data-element_type=\"container\">\n\t\t\t\t\t<div class=\"e-con-inner\">\n\t\t\t\t<div class=\"elementor-element elementor-element-8975b52 elementor-widget elementor-widget-image\" data-id=\"8975b52\" data-element_type=\"widget\" data-widget_type=\"image.default\">\n\t\t\t\t<div class=\"elementor-widget-container\">\n\t\t\t\t\t\t\t\t\t\t\t\t\t\t\t<img fetchpriority=\"high\" decoding=\"async\" width=\"1800\" height=\"300\" src=\"https:\/\/www.troikaelektronik.com\/wp-content\/uploads\/2024\/11\/isletmebakim.jpg\" class=\"attachment-full size-full wp-image-2435\" alt=\"\" srcset=\"https:\/\/www.troikaelektronik.com\/wp-content\/uploads\/2024\/11\/isletmebakim.jpg 1800w, https:\/\/www.troikaelektronik.com\/wp-content\/uploads\/2024\/11\/isletmebakim-300x50.jpg 300w, https:\/\/www.troikaelektronik.com\/wp-content\/uploads\/2024\/11\/isletmebakim-1024x171.jpg 1024w, https:\/\/www.troikaelektronik.com\/wp-content\/uploads\/2024\/11\/isletmebakim-768x128.jpg 768w, https:\/\/www.troikaelektronik.com\/wp-content\/uploads\/2024\/11\/isletmebakim-1536x256.jpg 1536w, https:\/\/www.troikaelektronik.com\/wp-content\/uploads\/2024\/11\/isletmebakim-600x100.jpg 600w\" sizes=\"(max-width: 1800px) 100vw, 1800px\" \/>\t\t\t\t\t\t\t\t\t\t\t\t\t\t\t<\/div>\n\t\t\t\t<\/div>\n\t\t\t\t\t<\/div>\n\t\t\t\t<\/div>\n\t\t<div class=\"elementor-element elementor-element-0b8f996 e-flex e-con-boxed e-con e-parent\" data-id=\"0b8f996\" data-element_type=\"container\">\n\t\t\t\t\t<div class=\"e-con-inner\">\n\t\t\t\t<div class=\"elementor-element elementor-element-f655b2e elementor-widget elementor-widget-heading\" data-id=\"f655b2e\" data-element_type=\"widget\" data-widget_type=\"heading.default\">\n\t\t\t\t<div class=\"elementor-widget-container\">\n\t\t\t\t\t<h2 class=\"elementor-heading-title elementor-size-default\">\u0130\u015fletme ve Bak\u0131m<\/h2>\t\t\t\t<\/div>\n\t\t\t\t<\/div>\n\t\t\t\t\t<\/div>\n\t\t\t\t<\/div>\n\t\t<div class=\"elementor-element elementor-element-47b7ec5 e-flex e-con-boxed e-con e-parent\" data-id=\"47b7ec5\" data-element_type=\"container\">\n\t\t\t\t\t<div class=\"e-con-inner\">\n\t\t\t\t<div class=\"elementor-element elementor-element-075c20e elementor-widget elementor-widget-text-editor\" data-id=\"075c20e\" data-element_type=\"widget\" data-widget_type=\"text-editor.default\">\n\t\t\t\t<div class=\"elementor-widget-container\">\n\t\t\t\t\t\t\t\t\t<h6>\u0130\u015eLETME<\/h6><p>\u2022 Hat \u0130\u015fletmecili\u011fi<br \/>\u2022 TM \u0130\u015fletmecili\u011fi<br \/>\u2022 \u0130\u015fletme Sorumlulu\u011fu<br \/>\u2022 ENH ve Trafo Ar\u0131za \u00c7\u00f6z\u00fcmleri<br \/>\u2022 Yenilenebilir Enerji (GES-RES) \u0130\u015fletmecili\u011fi<\/p><h6>BAKIM<\/h6><p>\u2022 Trafo Bak\u0131m\u0131<br \/>\u2022 Primer Testlerin Yap\u0131lmas\u0131<br \/>\u2022 Sekonder Testlerin Yap\u0131lmas\u0131<br \/>\u2022 Bu\u015fing, Conta Bak\u0131mlar\u0131n\u0131n Yap\u0131lmas\u0131<br \/>\u2022 Ya\u011f De\u011fi\u015fimlerinin Yap\u0131lmas\u0131<br \/>\u2022 Treatman Yap\u0131lmas\u0131<br \/>\u2022 154-380 kV Hat Bak\u0131mlar\u0131<br \/>\u2022 \u0130zolat\u00f6r Bak\u0131mlar\u0131<br \/>\u2022 Termal \u0130nceleme <br \/>\u2022 Ke\u015fif ve iyile\u015ftirme \u00e7al\u0131\u015fmalar\u0131n\u0131n yap\u0131lmas\u0131<\/p>\t\t\t\t\t\t\t\t<\/div>\n\t\t\t\t<\/div>\n\t\t\t\t\t<\/div>\n\t\t\t\t<\/div>\n\t\t\t\t<\/div>\n\t\t","protected":false},"excerpt":{"rendered":"\u0130\u015fletme ve Bak\u0131m \u0130\u015eLETME \u2022 Hat \u0130\u015fletmecili\u011fi\u2022 TM \u0130\u015fletmecili\u011fi\u2022 \u0130\u015fletme Sorumlulu\u011fu\u2022 ENH ve Trafo Ar\u0131za \u00c7\u00f6z\u00fcmleri\u2022 Yenilenebilir Enerji (GES-RES) \u0130\u015fletmecili\u011fi BAKIM \u2022 Trafo Bak\u0131m\u0131\u2022 Primer Testlerin Yap\u0131lmas\u0131\u2022 Sekonder Testlerin Yap\u0131lmas\u0131\u2022 Bu\u015fing, Conta Bak\u0131mlar\u0131n\u0131n Yap\u0131lmas\u0131\u2022 Ya\u011f De\u011fi\u015fimlerinin Yap\u0131lmas\u0131\u2022 Treatman Yap\u0131lmas\u0131\u2022 154-380 kV Hat Bak\u0131mlar\u0131\u2022 \u0130zolat\u00f6r Bak\u0131mlar\u0131\u2022 Termal \u0130nceleme \u2022 Ke\u015fif ve iyile\u015ftirme \u00e7al\u0131\u015fmalar\u0131n\u0131n yap\u0131lmas\u0131","protected":false},"author":1,"featured_media":0,"parent":0,"menu_order":0,"comment_status":"closed","ping_status":"closed","template":"","meta":{"footnotes":""},"class_list":["post-1332","page","type-page","status-publish","hentry"],"_links":{"self":[{"href":"https:\/\/www.troikaelektronik.com\/index.php\/wp-json\/wp\/v2\/pages\/1332","targetHints":{"allow":["GET"]}}],"collection":[{"href":"https:\/\/www.troikaelektronik.com\/index.php\/wp-json\/wp\/v2\/pages"}],"about":[{"href":"https:\/\/www.troikaelektronik.com\/index.php\/wp-json\/wp\/v2\/types\/page"}],"author":[{"embeddable":true,"href":"https:\/\/www.troikaelektronik.com\/index.php\/wp-json\/wp\/v2\/users\/1"}],"replies":[{"embeddable":true,"href":"https:\/\/www.troikaelektronik.com\/index.php\/wp-json\/wp\/v2\/comments?post=1332"}],"version-history":[{"count":23,"href":"https:\/\/www.troikaelektronik.com\/index.php\/wp-json\/wp\/v2\/pages\/1332\/revisions"}],"predecessor-version":[{"id":2446,"href":"https:\/\/www.troikaelektronik.com\/index.php\/wp-json\/wp\/v2\/pages\/1332\/revisions\/2446"}],"wp:attachment":[{"href":"https:\/\/www.troikaelektronik.com\/index.php\/wp-json\/wp\/v2\/media?parent=1332"}],"curies":[{"name":"wp","href":"https:\/\/api.w.org\/{rel}","templated":true}]}}