{"id":1326,"date":"2024-06-10T15:45:46","date_gmt":"2024-06-10T15:45:46","guid":{"rendered":"https:\/\/troikaelektronik.com\/?page_id=1326"},"modified":"2025-09-10T15:52:02","modified_gmt":"2025-09-10T15:52:02","slug":"tesis-yapim-isleri","status":"publish","type":"page","link":"https:\/\/www.troikaelektronik.com\/index.php\/tesis-yapim-isleri\/","title":{"rendered":"Tesis Yap\u0131m \u0130\u015fleri"},"content":{"rendered":"\t\t<div data-elementor-type=\"wp-page\" data-elementor-id=\"1326\" class=\"elementor elementor-1326\">\n\t\t\t\t<div class=\"elementor-element elementor-element-cc2759e e-flex e-con-boxed e-con e-parent\" data-id=\"cc2759e\" data-element_type=\"container\">\n\t\t\t\t\t<div class=\"e-con-inner\">\n\t\t\t\t<div class=\"elementor-element elementor-element-de12be7 elementor-widget elementor-widget-image\" data-id=\"de12be7\" data-element_type=\"widget\" data-widget_type=\"image.default\">\n\t\t\t\t<div class=\"elementor-widget-container\">\n\t\t\t\t\t\t\t\t\t\t\t\t\t\t\t<img fetchpriority=\"high\" decoding=\"async\" width=\"1800\" height=\"300\" src=\"https:\/\/www.troikaelektronik.com\/wp-content\/uploads\/2024\/11\/tesisyapim.jpg\" class=\"attachment-full size-full wp-image-2438\" alt=\"\" srcset=\"https:\/\/www.troikaelektronik.com\/wp-content\/uploads\/2024\/11\/tesisyapim.jpg 1800w, https:\/\/www.troikaelektronik.com\/wp-content\/uploads\/2024\/11\/tesisyapim-300x50.jpg 300w, https:\/\/www.troikaelektronik.com\/wp-content\/uploads\/2024\/11\/tesisyapim-1024x171.jpg 1024w, https:\/\/www.troikaelektronik.com\/wp-content\/uploads\/2024\/11\/tesisyapim-768x128.jpg 768w, https:\/\/www.troikaelektronik.com\/wp-content\/uploads\/2024\/11\/tesisyapim-1536x256.jpg 1536w, https:\/\/www.troikaelektronik.com\/wp-content\/uploads\/2024\/11\/tesisyapim-600x100.jpg 600w\" sizes=\"(max-width: 1800px) 100vw, 1800px\" \/>\t\t\t\t\t\t\t\t\t\t\t\t\t\t\t<\/div>\n\t\t\t\t<\/div>\n\t\t\t\t\t<\/div>\n\t\t\t\t<\/div>\n\t\t<div class=\"elementor-element elementor-element-61842c3 e-flex e-con-boxed e-con e-parent\" data-id=\"61842c3\" data-element_type=\"container\">\n\t\t\t\t\t<div class=\"e-con-inner\">\n\t\t\t\t<div class=\"elementor-element elementor-element-a34ddd4 elementor-widget elementor-widget-heading\" data-id=\"a34ddd4\" data-element_type=\"widget\" data-widget_type=\"heading.default\">\n\t\t\t\t<div class=\"elementor-widget-container\">\n\t\t\t\t\t<h2 class=\"elementor-heading-title elementor-size-default\">Tesis Yap\u0131m \u0130\u015fleri<\/h2>\t\t\t\t<\/div>\n\t\t\t\t<\/div>\n\t\t\t\t<div class=\"elementor-element elementor-element-b6e6649 elementor-widget elementor-widget-heading\" data-id=\"b6e6649\" data-element_type=\"widget\" data-widget_type=\"heading.default\">\n\t\t\t\t<div class=\"elementor-widget-container\">\n\t\t\t\t\t<h6 class=\"elementor-heading-title elementor-size-default\">Trafo Kurulumu, Da\u011f\u0131t\u0131m ve \u0130letim Hatt\u0131 Yap\u0131m\u0131<\/h6>\t\t\t\t<\/div>\n\t\t\t\t<\/div>\n\t\t\t\t\t<\/div>\n\t\t\t\t<\/div>\n\t\t<div class=\"elementor-element elementor-element-d33eefc e-flex e-con-boxed e-con e-parent\" data-id=\"d33eefc\" data-element_type=\"container\">\n\t\t\t\t\t<div class=\"e-con-inner\">\n\t\t\t\t<div class=\"elementor-element elementor-element-2d12a7d elementor-widget elementor-widget-text-editor\" data-id=\"2d12a7d\" data-element_type=\"widget\" data-widget_type=\"text-editor.default\">\n\t\t\t\t<div class=\"elementor-widget-container\">\n\t\t\t\t\t\t\t\t\t<p>Enerji \u00fcretim, iletim ve da\u011f\u0131t\u0131m projelerinde; <strong>trafo merkezi kurulumu, da\u011f\u0131t\u0131m ve iletim hatt\u0131 yap\u0131m\u0131, deplase, projelendirme ve devreye alma<\/strong> gibi t\u00fcm s\u00fcre\u00e7leri anahtar teslim olarak ger\u00e7ekle\u015ftiriyoruz.<br \/>Uzman m\u00fchendis kadromuz ve saha ekiplerimizle projelerinizi h\u0131zl\u0131, g\u00fcvenilir ve standartlara uygun \u015fekilde tamaml\u0131yoruz.<\/p>\t\t\t\t\t\t\t\t<\/div>\n\t\t\t\t<\/div>\n\t\t\t\t<div class=\"elementor-element elementor-element-a2b44b3 elementor-widget elementor-widget-heading\" data-id=\"a2b44b3\" data-element_type=\"widget\" data-widget_type=\"heading.default\">\n\t\t\t\t<div class=\"elementor-widget-container\">\n\t\t\t\t\t<h6 class=\"elementor-heading-title elementor-size-default\">Sundu\u011fumuz Hizmetler<\/h6>\t\t\t\t<\/div>\n\t\t\t\t<\/div>\n\t\t\t\t<div class=\"elementor-element elementor-element-14df168 elementor-widget elementor-widget-text-editor\" data-id=\"14df168\" data-element_type=\"widget\" data-widget_type=\"text-editor.default\">\n\t\t\t\t<div class=\"elementor-widget-container\">\n\t\t\t\t\t\t\t\t\t<p>\u2022 Trafo merkezi kurulumu ve montaj\u0131<br \/>\u2022 Da\u011f\u0131t\u0131m ve iletim hatt\u0131 yap\u0131m\u0131 (kablo ve havai hat)<br \/>\u2022 Enerji nakil hatlar\u0131n\u0131n deplasesi (yer de\u011fi\u015ftirme)<br \/>\u2022 Projelendirme ve m\u00fchendislik hizmetleri<br \/>\u2022 Devreye alma ve test i\u015flemleri<br \/>\u2022 Kurulum sonras\u0131 bak\u0131m ve teknik destek<\/p>\t\t\t\t\t\t\t\t<\/div>\n\t\t\t\t<\/div>\n\t\t\t\t<div class=\"elementor-element elementor-element-e195d75 elementor-widget elementor-widget-heading\" data-id=\"e195d75\" data-element_type=\"widget\" data-widget_type=\"heading.default\">\n\t\t\t\t<div class=\"elementor-widget-container\">\n\t\t\t\t\t<h6 class=\"elementor-heading-title elementor-size-default\">Avantajlar\u0131n\u0131z<\/h6>\t\t\t\t<\/div>\n\t\t\t\t<\/div>\n\t\t\t\t<div class=\"elementor-element elementor-element-b21465a elementor-widget elementor-widget-text-editor\" data-id=\"b21465a\" data-element_type=\"widget\" data-widget_type=\"text-editor.default\">\n\t\t\t\t<div class=\"elementor-widget-container\">\n\t\t\t\t\t\t\t\t\t<p>\u2022 \u015eebeke ile tam uyumlu ve y\u00f6netmeliklere uygun projeler<br \/>\u2022 H\u0131zl\u0131 ve g\u00fcvenilir uygulama s\u00fcre\u00e7leri<br \/>\u2022 Enerji kesintilerinin ve i\u015fletme risklerinin azalt\u0131lmas\u0131<br \/>\u2022 Projenin tek elden y\u00f6netimiyle zaman ve maliyet tasarrufu<br \/>\u2022 Uzman m\u00fchendislik ve saha tecr\u00fcbesi<\/p>\t\t\t\t\t\t\t\t<\/div>\n\t\t\t\t<\/div>\n\t\t\t\t<div class=\"elementor-element elementor-element-3dac3dd elementor-widget elementor-widget-heading\" data-id=\"3dac3dd\" data-element_type=\"widget\" data-widget_type=\"heading.default\">\n\t\t\t\t<div class=\"elementor-widget-container\">\n\t\t\t\t\t<h6 class=\"elementor-heading-title elementor-size-default\">Hangi Alanlarda Hizmet Veriyoruz?<\/h6>\t\t\t\t<\/div>\n\t\t\t\t<\/div>\n\t\t\t\t<div class=\"elementor-element elementor-element-4b8060d elementor-widget elementor-widget-text-editor\" data-id=\"4b8060d\" data-element_type=\"widget\" data-widget_type=\"text-editor.default\">\n\t\t\t\t<div class=\"elementor-widget-container\">\n\t\t\t\t\t\t\t\t\t<p>\u2022 Sanayi tesisleri ve fabrikalar<br \/>\u2022 Organize sanayi b\u00f6lgeleri<br \/>\u2022 Yenilenebilir enerji santralleri (GES, RES)<br \/>\u2022 Enerji nakil hatlar\u0131, da\u011f\u0131t\u0131m ve iletim \u015febekeleri<br \/>\u2022 Trafo merkezleri<\/p>\t\t\t\t\t\t\t\t<\/div>\n\t\t\t\t<\/div>\n\t\t\t\t<div class=\"elementor-element elementor-element-5407d20 elementor-widget elementor-widget-heading\" data-id=\"5407d20\" data-element_type=\"widget\" data-widget_type=\"heading.default\">\n\t\t\t\t<div class=\"elementor-widget-container\">\n\t\t\t\t\t<h6 class=\"elementor-heading-title elementor-size-default\">Neden Troika Elektronik?<\/h6>\t\t\t\t<\/div>\n\t\t\t\t<\/div>\n\t\t\t\t<div class=\"elementor-element elementor-element-7727b47 elementor-widget elementor-widget-text-editor\" data-id=\"7727b47\" data-element_type=\"widget\" data-widget_type=\"text-editor.default\">\n\t\t\t\t<div class=\"elementor-widget-container\">\n\t\t\t\t\t\t\t\t\t<p>\u2022 Trafo merkezi ve hat projelerinde uzun y\u0131llara dayanan tecr\u00fcbe<br \/>\u2022 Uzman m\u00fchendis ve deneyimli saha ekipleri<br \/>\u2022 Standartlara ve y\u00f6netmeliklere uygun projelendirme ve uygulama<br \/>\u2022 S\u00fcrd\u00fcr\u00fclebilir ve g\u00fcvenilir \u00e7\u00f6z\u00fcmler<\/p>\t\t\t\t\t\t\t\t<\/div>\n\t\t\t\t<\/div>\n\t\t\t\t\t<\/div>\n\t\t\t\t<\/div>\n\t\t\t\t<\/div>\n\t\t","protected":false},"excerpt":{"rendered":"Tesis Yap\u0131m \u0130\u015fleri Trafo Kurulumu, Da\u011f\u0131t\u0131m ve \u0130letim Hatt\u0131 Yap\u0131m\u0131 Enerji \u00fcretim, iletim ve da\u011f\u0131t\u0131m projelerinde; trafo merkezi kurulumu, da\u011f\u0131t\u0131m ve iletim hatt\u0131 yap\u0131m\u0131, deplase, projelendirme ve devreye alma gibi t\u00fcm s\u00fcre\u00e7leri anahtar teslim olarak ger\u00e7ekle\u015ftiriyoruz.Uzman m\u00fchendis kadromuz ve saha ekiplerimizle projelerinizi h\u0131zl\u0131, g\u00fcvenilir ve standartlara uygun \u015fekilde tamaml\u0131yoruz. Sundu\u011fumuz Hizmetler \u2022 Trafo merkezi kurulumu&#8230;","protected":false},"author":1,"featured_media":0,"parent":0,"menu_order":0,"comment_status":"closed","ping_status":"closed","template":"","meta":{"footnotes":""},"class_list":["post-1326","page","type-page","status-publish","hentry"],"_links":{"self":[{"href":"https:\/\/www.troikaelektronik.com\/index.php\/wp-json\/wp\/v2\/pages\/1326","targetHints":{"allow":["GET"]}}],"collection":[{"href":"https:\/\/www.troikaelektronik.com\/index.php\/wp-json\/wp\/v2\/pages"}],"about":[{"href":"https:\/\/www.troikaelektronik.com\/index.php\/wp-json\/wp\/v2\/types\/page"}],"author":[{"embeddable":true,"href":"https:\/\/www.troikaelektronik.com\/index.php\/wp-json\/wp\/v2\/users\/1"}],"replies":[{"embeddable":true,"href":"https:\/\/www.troikaelektronik.com\/index.php\/wp-json\/wp\/v2\/comments?post=1326"}],"version-history":[{"count":48,"href":"https:\/\/www.troikaelektronik.com\/index.php\/wp-json\/wp\/v2\/pages\/1326\/revisions"}],"predecessor-version":[{"id":3022,"href":"https:\/\/www.troikaelektronik.com\/index.php\/wp-json\/wp\/v2\/pages\/1326\/revisions\/3022"}],"wp:attachment":[{"href":"https:\/\/www.troikaelektronik.com\/index.php\/wp-json\/wp\/v2\/media?parent=1326"}],"curies":[{"name":"wp","href":"https:\/\/api.w.org\/{rel}","templated":true}]}}