{"id":1227,"date":"2019-05-07T07:23:27","date_gmt":"2019-05-07T07:23:27","guid":{"rendered":"https:\/\/victorthemes.com\/themes\/windfall\/?page_id=1227"},"modified":"2025-09-05T17:17:33","modified_gmt":"2025-09-05T17:17:33","slug":"one-page","status":"publish","type":"page","link":"https:\/\/www.troikaelektronik.com\/","title":{"rendered":"Ana Sayfa"},"content":{"rendered":"\t\t<div data-elementor-type=\"wp-post\" data-elementor-id=\"1227\" class=\"elementor elementor-1227\">\n\t\t\t\t<div class=\"elementor-element elementor-element-2ad70f4 e-flex e-con-boxed e-con e-parent\" data-id=\"2ad70f4\" data-element_type=\"container\">\n\t\t\t\t\t<div class=\"e-con-inner\">\n\t\t\t\t\t<\/div>\n\t\t\t\t<\/div>\n\t\t<div class=\"elementor-element elementor-element-635294d e-flex e-con-boxed e-con e-parent\" data-id=\"635294d\" data-element_type=\"container\">\n\t\t\t\t\t<div class=\"e-con-inner\">\n\t\t\t\t<div class=\"elementor-element elementor-element-b61e3be elementor-widget elementor-widget-image\" data-id=\"b61e3be\" data-element_type=\"widget\" data-widget_type=\"image.default\">\n\t\t\t\t<div class=\"elementor-widget-container\">\n\t\t\t\t\t\t\t\t\t\t\t\t\t\t\t<img fetchpriority=\"high\" decoding=\"async\" width=\"1800\" height=\"300\" src=\"https:\/\/www.troikaelektronik.com\/wp-content\/uploads\/2024\/06\/electricity_wide.png\" class=\"attachment-full size-full wp-image-1741\" alt=\"\" srcset=\"https:\/\/www.troikaelektronik.com\/wp-content\/uploads\/2024\/06\/electricity_wide.png 1800w, https:\/\/www.troikaelektronik.com\/wp-content\/uploads\/2024\/06\/electricity_wide-300x50.png 300w, https:\/\/www.troikaelektronik.com\/wp-content\/uploads\/2024\/06\/electricity_wide-1024x171.png 1024w, https:\/\/www.troikaelektronik.com\/wp-content\/uploads\/2024\/06\/electricity_wide-768x128.png 768w, https:\/\/www.troikaelektronik.com\/wp-content\/uploads\/2024\/06\/electricity_wide-1536x256.png 1536w, https:\/\/www.troikaelektronik.com\/wp-content\/uploads\/2024\/06\/electricity_wide-600x100.png 600w\" sizes=\"(max-width: 1800px) 100vw, 1800px\" \/>\t\t\t\t\t\t\t\t\t\t\t\t\t\t\t<\/div>\n\t\t\t\t<\/div>\n\t\t\t\t\t<\/div>\n\t\t\t\t<\/div>\n\t\t<div class=\"elementor-element elementor-element-303b92e e-flex e-con-boxed e-con e-parent\" data-id=\"303b92e\" data-element_type=\"container\">\n\t\t\t\t\t<div class=\"e-con-inner\">\n\t\t<div class=\"elementor-element elementor-element-27a344f e-grid e-con-boxed e-con e-child\" data-id=\"27a344f\" data-element_type=\"container\">\n\t\t\t\t\t<div class=\"e-con-inner\">\n\t\t\t\t<div class=\"elementor-element elementor-element-53bc57c elementor-widget elementor-widget-image\" data-id=\"53bc57c\" data-element_type=\"widget\" data-widget_type=\"image.default\">\n\t\t\t\t<div class=\"elementor-widget-container\">\n\t\t\t\t\t\t\t\t\t\t\t\t\t\t\t<img decoding=\"async\" width=\"1024\" height=\"683\" src=\"https:\/\/www.troikaelektronik.com\/wp-content\/uploads\/2024\/06\/engineer-factory-electrical-using-a-notebook-compu-2024-02-28-03-19-29-utc-1024x683.jpg\" class=\"attachment-large size-large wp-image-1889\" alt=\"\" srcset=\"https:\/\/www.troikaelektronik.com\/wp-content\/uploads\/2024\/06\/engineer-factory-electrical-using-a-notebook-compu-2024-02-28-03-19-29-utc-1024x683.jpg 1024w, https:\/\/www.troikaelektronik.com\/wp-content\/uploads\/2024\/06\/engineer-factory-electrical-using-a-notebook-compu-2024-02-28-03-19-29-utc-300x200.jpg 300w, https:\/\/www.troikaelektronik.com\/wp-content\/uploads\/2024\/06\/engineer-factory-electrical-using-a-notebook-compu-2024-02-28-03-19-29-utc-768x512.jpg 768w, https:\/\/www.troikaelektronik.com\/wp-content\/uploads\/2024\/06\/engineer-factory-electrical-using-a-notebook-compu-2024-02-28-03-19-29-utc-1536x1024.jpg 1536w, https:\/\/www.troikaelektronik.com\/wp-content\/uploads\/2024\/06\/engineer-factory-electrical-using-a-notebook-compu-2024-02-28-03-19-29-utc-2048x1365.jpg 2048w, https:\/\/www.troikaelektronik.com\/wp-content\/uploads\/2024\/06\/engineer-factory-electrical-using-a-notebook-compu-2024-02-28-03-19-29-utc-600x400.jpg 600w\" sizes=\"(max-width: 1024px) 100vw, 1024px\" \/>\t\t\t\t\t\t\t\t\t\t\t\t\t\t\t<\/div>\n\t\t\t\t<\/div>\n\t\t<div class=\"elementor-element elementor-element-08f64a0 e-flex e-con-boxed e-con e-child\" data-id=\"08f64a0\" data-element_type=\"container\">\n\t\t\t\t\t<div class=\"e-con-inner\">\n\t\t\t\t<div class=\"elementor-element elementor-element-a8cf864 elementor-widget elementor-widget-heading\" data-id=\"a8cf864\" data-element_type=\"widget\" data-widget_type=\"heading.default\">\n\t\t\t\t<div class=\"elementor-widget-container\">\n\t\t\t\t\t<h1 class=\"elementor-heading-title elementor-size-default\">Ho\u015fgeldiniz!<\/h1>\t\t\t\t<\/div>\n\t\t\t\t<\/div>\n\t\t\t\t<div class=\"elementor-element elementor-element-148bc76 elementor-widget elementor-widget-text-editor\" data-id=\"148bc76\" data-element_type=\"widget\" data-widget_type=\"text-editor.default\">\n\t\t\t\t<div class=\"elementor-widget-container\">\n\t\t\t\t\t\t\t\t\t<p>\u00a0 \u00a0 \u00a0 \u00a0 \u00a0 Troika; Elektrik iletim, da\u011f\u0131t\u0131m \u015febekelerinde ve yenilenebilir enerji alanlar\u0131nda \u00e7\u00f6z\u00fcm \u00fcreten bir \u015firkettir. Ayr\u0131ca g\u00fc\u00e7 elektroni\u011fi alan\u0131nda \u00fcr\u00fcn geli\u015ftirme \u00e7al\u0131\u015fmalar\u0131 yapmaktad\u0131r.<\/p>\t\t\t\t\t\t\t\t<\/div>\n\t\t\t\t<\/div>\n\t\t\t\t<div class=\"elementor-element elementor-element-262f9d3 elementor-widget elementor-widget-text-editor\" data-id=\"262f9d3\" data-element_type=\"widget\" data-widget_type=\"text-editor.default\">\n\t\t\t\t<div class=\"elementor-widget-container\">\n\t\t\t\t\t\t\t\t\t<p>\u00a0 \u00a0 \u00a0 \u00a0 \u00a0\u0130letim ve Da\u011f\u0131t\u0131m seviyesinde ENH ve Trafo Merkezi projelendirilmesi, tasar\u0131m\u0131, et\u00fct yap\u0131lmas\u0131, tesis yap\u0131m i\u015fleri, devreye al\u0131nmas\u0131, i\u015fletme ve bak\u0131m hizmeti, deplase yap\u0131lmas\u0131, SCADA kurulumu ve g\u00fc\u00e7 kalitesi \u00e7\u00f6z\u00fcmleri konusunda \u00e7\u00f6z\u00fcmler sunmaktad\u0131r. Ayr\u0131ca Yenilenebilir Enerjide ba\u015fvuru s\u00fcrecinden devreye al\u0131nmas\u0131na kadar olan t\u00fcm s\u00fcre\u00e7lere \u00e7\u00f6z\u00fcm sunmaktad\u0131r.<\/p><p>\u00a0 \u00a0 \u00a0 \u00a0 \u00a0Elektrik \u0130letim ve Da\u011f\u0131t\u0131m \u015eirketlerinde y\u00fcr\u00fct\u00fclen b\u00fct\u00fcn s\u00fcre\u00e7lerde dan\u0131\u015fmanl\u0131k hizmeti sunmaktad\u0131r.<\/p>\t\t\t\t\t\t\t\t<\/div>\n\t\t\t\t<\/div>\n\t\t\t\t\t<\/div>\n\t\t\t\t<\/div>\n\t\t\t\t\t<\/div>\n\t\t\t\t<\/div>\n\t\t\t\t\t<\/div>\n\t\t\t\t<\/div>\n\t\t\t\t<section class=\"elementor-section elementor-top-section elementor-element elementor-element-89761bd elementor-section-stretched elementor-section-full_width elementor-section-height-default elementor-section-height-default\" data-id=\"89761bd\" data-element_type=\"section\" data-settings=\"{&quot;stretch_section&quot;:&quot;section-stretched&quot;}\">\n\t\t\t\t\t\t<div class=\"elementor-container elementor-column-gap-default\">\n\t\t\t\t\t<div class=\"elementor-column elementor-col-100 elementor-top-column elementor-element elementor-element-d29a377\" data-id=\"d29a377\" data-element_type=\"column\">\n\t\t\t<div class=\"elementor-widget-wrap elementor-element-populated\">\n\t\t\t\t\t\t<div class=\"elementor-element elementor-element-3e2822c elementor-widget elementor-widget-vt-windfall_callout\" data-id=\"3e2822c\" data-element_type=\"widget\" data-widget_type=\"vt-windfall_callout.default\">\n\t\t\t\t<div class=\"elementor-widget-container\">\n\t\t\t\t\t<div class=\"wndfal-callout\">\n\t\t\t\t\t\t\t  <div class=\"container\">\n\t\t\t\t\t\t\t    <div class=\"row align-items-center\">\n\t\t\t\t\t\t\t      <div class=\"col-lg-9\">\n\t\t\t\t\t\t\t        <h2 class=\"callout-title\">Detayl\u0131 bilgi almak i\u00e7in l\u00fctfen bize ula\u015f\u0131n.<\/h2>\n\t\t\t\t\t\t\t      <\/div>\n\t\t\t\t\t\t\t      <div class=\"col-lg-3 textright\">\n\t\t\t\t\t\t\t      <a href=\"https:\/\/troikaelektronik.com\/index.php\/contact-us\/\"   class=\"wndfal-btn wndfal-border-btn\"><span class=\"btn-text-wrap\"><span class=\"btn-text\">Bize Ula\u015f\u0131n<\/span><\/span><\/a>\n\t\t\t\t\t\t\t      <\/div>\n\t\t\t\t\t\t\t    <\/div>\n\t\t\t\t\t\t\t  <\/div>\n\t\t\t\t\t\t\t<\/div>\t\t\t\t<\/div>\n\t\t\t\t<\/div>\n\t\t\t\t\t<\/div>\n\t\t<\/div>\n\t\t\t\t\t<\/div>\n\t\t<\/section>\n\t\t\t\t<section class=\"elementor-section elementor-top-section elementor-element elementor-element-b37cb0e elementor-section-boxed elementor-section-height-default elementor-section-height-default\" data-id=\"b37cb0e\" data-element_type=\"section\" id=\"service\">\n\t\t\t\t\t\t<div class=\"elementor-container elementor-column-gap-default\">\n\t\t\t\t\t<div class=\"elementor-column elementor-col-100 elementor-top-column elementor-element elementor-element-991f2da\" data-id=\"991f2da\" data-element_type=\"column\">\n\t\t\t<div class=\"elementor-widget-wrap elementor-element-populated\">\n\t\t\t\t\t\t<div class=\"elementor-element elementor-element-92eed97 elementor-widget elementor-widget-vt-windfall_section_title\" data-id=\"92eed97\" data-element_type=\"widget\" data-widget_type=\"vt-windfall_section_title.default\">\n\t\t\t\t<div class=\"elementor-widget-container\">\n\t\t\t\t\t<div class=\"section-title-wrap  wndfal-sectTitleElementor \"><h2 class=\"section-title\">Hizmetlerimiz<\/h2><p>Enerji Nakil Hatlar\u0131 ve Trafo Merkezlerine ait tecr\u00fcbelerimizi a\u015fa\u011f\u0131daki hizmet alanlar\u0131nda sizlere sunmaktay\u0131z<\/p><\/div>\t\t\t\t<\/div>\n\t\t\t\t<\/div>\n\t\t\t\t\t<\/div>\n\t\t<\/div>\n\t\t\t\t\t<\/div>\n\t\t<\/section>\n\t\t\t\t<section class=\"elementor-section elementor-top-section elementor-element elementor-element-9c9604a elementor-section-full_width elementor-section-height-default elementor-section-height-default\" data-id=\"9c9604a\" data-element_type=\"section\">\n\t\t\t\t\t\t<div class=\"elementor-container elementor-column-gap-default\">\n\t\t\t\t\t<div class=\"elementor-column elementor-col-100 elementor-top-column elementor-element elementor-element-17236ba\" data-id=\"17236ba\" data-element_type=\"column\">\n\t\t\t<div class=\"elementor-widget-wrap elementor-element-populated\">\n\t\t\t\t\t\t<div class=\"elementor-element elementor-element-2a0ec74 elementor-widget elementor-widget-vt-windfall_services\" data-id=\"2a0ec74\" data-element_type=\"widget\" data-settings=\"{&quot;services_align&quot;:&quot;center&quot;}\" data-widget_type=\"vt-windfall_services.default\">\n\t\t\t\t<div class=\"elementor-widget-container\">\n\t\t\t\t\t<div class=\"wndfal-services service-center-align\"><div class=\"container\"><div class=\"row\"><div class=\"col-lg-3 col-md-12\">\r\n\t\t\t\t\t\t\t        <div class=\"service-item\">\r\n\t\t\t\t\t\t\t          <div class=\"wndfal-icon\">\r\n\t\t\t\t\t\t\t            <img decoding=\"async\" src=\"https:\/\/www.troikaelektronik.com\/wp-content\/uploads\/2024\/11\/Tesis-Yapim-Isleri-r.png\" width=\"62\" alt=\"\" class=\"default-image\"><img decoding=\"async\" src=\"https:\/\/www.troikaelektronik.com\/wp-content\/uploads\/2024\/11\/Tesis-Yapim-Isleri-s.png\" width=\"62\" alt=\"\" class=\"hover-image\">\r\n\t\t\t\t\t\t\t          <\/div>\r\n\t\t\t\t\t\t\t          <h3 class=\"service-title\"><a href=\"https:\/\/www.troikaelektronik.com\/index.php\/tesis-yapim-isleri\/\"  >Tesis Yap\u0131m \u0130\u015fleri<\/a><\/h3>\r\n\t\t\t\t\t\t\t          \r\n\t\t\t\t\t\t\t          <div class=\"wndfal-btns-group\">\r\n\t\t\t\t\t\t\t\t\t        \r\n\t\t\t\t\t\t\t\t\t      <\/div>\r\n\t\t\t\t\t\t\t        <\/div>\r\n\t\t\t\t\t\t\t      <\/div><div class=\"col-lg-3 col-md-12\">\r\n\t\t\t\t\t\t\t        <div class=\"service-item\">\r\n\t\t\t\t\t\t\t          <div class=\"wndfal-icon\">\r\n\t\t\t\t\t\t\t            <img decoding=\"async\" src=\"https:\/\/www.troikaelektronik.com\/wp-content\/uploads\/2024\/11\/Isletme-ve-Bakim-r.png\" width=\"62\" alt=\"\" class=\"default-image\"><img decoding=\"async\" src=\"https:\/\/www.troikaelektronik.com\/wp-content\/uploads\/2024\/11\/Isletme-ve-Bakim-s.png\" width=\"62\" alt=\"\" class=\"hover-image\">\r\n\t\t\t\t\t\t\t          <\/div>\r\n\t\t\t\t\t\t\t          <h3 class=\"service-title\"><a href=\"https:\/\/www.troikaelektronik.com\/index.php\/isletme-ve-bakim\/\"  >\u0130\u015fletme ve Bak\u0131m<\/a><\/h3>\r\n\t\t\t\t\t\t\t          \r\n\t\t\t\t\t\t\t          <div class=\"wndfal-btns-group\">\r\n\t\t\t\t\t\t\t\t\t        \r\n\t\t\t\t\t\t\t\t\t      <\/div>\r\n\t\t\t\t\t\t\t        <\/div>\r\n\t\t\t\t\t\t\t      <\/div><div class=\"col-lg-3 col-md-12\">\r\n\t\t\t\t\t\t\t        <div class=\"service-item\">\r\n\t\t\t\t\t\t\t          <div class=\"wndfal-icon\">\r\n\t\t\t\t\t\t\t            <img decoding=\"async\" src=\"https:\/\/www.troikaelektronik.com\/wp-content\/uploads\/2024\/11\/Proje-Etut-Tasarim-r.png\" width=\"62\" alt=\"\" class=\"default-image\"><img decoding=\"async\" src=\"https:\/\/www.troikaelektronik.com\/wp-content\/uploads\/2024\/11\/Proje-Etut-Tasarim-s.png\" width=\"62\" alt=\"\" class=\"hover-image\">\r\n\t\t\t\t\t\t\t          <\/div>\r\n\t\t\t\t\t\t\t          <h3 class=\"service-title\"><a href=\"https:\/\/www.troikaelektronik.com\/index.php\/proje-etud-tasarim\/\"  >Proje Et\u00fct Tasar\u0131m<\/a><\/h3>\r\n\t\t\t\t\t\t\t          \r\n\t\t\t\t\t\t\t          <div class=\"wndfal-btns-group\">\r\n\t\t\t\t\t\t\t\t\t        \r\n\t\t\t\t\t\t\t\t\t      <\/div>\r\n\t\t\t\t\t\t\t        <\/div>\r\n\t\t\t\t\t\t\t      <\/div><div class=\"col-lg-3 col-md-12\">\r\n\t\t\t\t\t\t\t        <div class=\"service-item\">\r\n\t\t\t\t\t\t\t          <div class=\"wndfal-icon\">\r\n\t\t\t\t\t\t\t            <img decoding=\"async\" src=\"https:\/\/www.troikaelektronik.com\/wp-content\/uploads\/2024\/11\/AGOG-Proje-Cizimleri-r.png\" width=\"62\" alt=\"\" class=\"default-image\"><img decoding=\"async\" src=\"https:\/\/www.troikaelektronik.com\/wp-content\/uploads\/2024\/11\/AGOG-Proje-Cizimleri-s.png\" width=\"62\" alt=\"\" class=\"hover-image\">\r\n\t\t\t\t\t\t\t          <\/div>\r\n\t\t\t\t\t\t\t          <h3 class=\"service-title\"><a href=\"https:\/\/www.troikaelektronik.com\/index.php\/ag-og-proje-cizimleri\/\"  >AG\/OG Proje \u00c7izimleri<\/a><\/h3>\r\n\t\t\t\t\t\t\t          \r\n\t\t\t\t\t\t\t          <div class=\"wndfal-btns-group\">\r\n\t\t\t\t\t\t\t\t\t        \r\n\t\t\t\t\t\t\t\t\t      <\/div>\r\n\t\t\t\t\t\t\t        <\/div>\r\n\t\t\t\t\t\t\t      <\/div><div class=\"col-lg-3 col-md-12\">\r\n\t\t\t\t\t\t\t        <div class=\"service-item\">\r\n\t\t\t\t\t\t\t          <div class=\"wndfal-icon\">\r\n\t\t\t\t\t\t\t            <img decoding=\"async\" src=\"https:\/\/www.troikaelektronik.com\/wp-content\/uploads\/2024\/11\/SCADA-Kurulum-r.png\" width=\"62\" alt=\"\" class=\"default-image\"><img decoding=\"async\" src=\"https:\/\/www.troikaelektronik.com\/wp-content\/uploads\/2024\/11\/SCADA-Kurulum-s.png\" width=\"62\" alt=\"\" class=\"hover-image\">\r\n\t\t\t\t\t\t\t          <\/div>\r\n\t\t\t\t\t\t\t          <h3 class=\"service-title\"><a href=\"https:\/\/www.troikaelektronik.com\/index.php\/scada-kurulum\/\"  >SCADA Kurulum<\/a><\/h3>\r\n\t\t\t\t\t\t\t          \r\n\t\t\t\t\t\t\t          <div class=\"wndfal-btns-group\">\r\n\t\t\t\t\t\t\t\t\t        \r\n\t\t\t\t\t\t\t\t\t      <\/div>\r\n\t\t\t\t\t\t\t        <\/div>\r\n\t\t\t\t\t\t\t      <\/div><div class=\"col-lg-3 col-md-12\">\r\n\t\t\t\t\t\t\t        <div class=\"service-item\">\r\n\t\t\t\t\t\t\t          <div class=\"wndfal-icon\">\r\n\t\t\t\t\t\t\t            <img decoding=\"async\" src=\"https:\/\/www.troikaelektronik.com\/wp-content\/uploads\/2024\/11\/Danismanlik-Hizmetleri-r.png\" width=\"62\" alt=\"\" class=\"default-image\"><img decoding=\"async\" src=\"https:\/\/www.troikaelektronik.com\/wp-content\/uploads\/2024\/11\/Danismanlik-Hizmetleri-s.png\" width=\"62\" alt=\"\" class=\"hover-image\">\r\n\t\t\t\t\t\t\t          <\/div>\r\n\t\t\t\t\t\t\t          <h3 class=\"service-title\"><a href=\"https:\/\/www.troikaelektronik.com\/index.php\/danismanlik-hizmetleri\/\"  >Dan\u0131\u015fmanl\u0131k Hizmetleri<\/a><\/h3>\r\n\t\t\t\t\t\t\t          \r\n\t\t\t\t\t\t\t          <div class=\"wndfal-btns-group\">\r\n\t\t\t\t\t\t\t\t\t        \r\n\t\t\t\t\t\t\t\t\t      <\/div>\r\n\t\t\t\t\t\t\t        <\/div>\r\n\t\t\t\t\t\t\t      <\/div><div class=\"col-lg-3 col-md-12\">\r\n\t\t\t\t\t\t\t        <div class=\"service-item\">\r\n\t\t\t\t\t\t\t          <div class=\"wndfal-icon\">\r\n\t\t\t\t\t\t\t            <img decoding=\"async\" src=\"https:\/\/www.troikaelektronik.com\/wp-content\/uploads\/2024\/11\/Yenilenebilir-Enerji-r.png\" width=\"62\" alt=\"\" class=\"default-image\"><img decoding=\"async\" src=\"https:\/\/www.troikaelektronik.com\/wp-content\/uploads\/2024\/11\/Yenilenebilir-Enerji-s.png\" width=\"62\" alt=\"\" class=\"hover-image\">\r\n\t\t\t\t\t\t\t          <\/div>\r\n\t\t\t\t\t\t\t          <h3 class=\"service-title\"><a href=\"https:\/\/www.troikaelektronik.com\/index.php\/yenilenebilir-enerji\/\"  >Yenilenebilir Enerji<\/a><\/h3>\r\n\t\t\t\t\t\t\t          \r\n\t\t\t\t\t\t\t          <div class=\"wndfal-btns-group\">\r\n\t\t\t\t\t\t\t\t\t        \r\n\t\t\t\t\t\t\t\t\t      <\/div>\r\n\t\t\t\t\t\t\t        <\/div>\r\n\t\t\t\t\t\t\t      <\/div><div class=\"col-lg-3 col-md-12\">\r\n\t\t\t\t\t\t\t        <div class=\"service-item\">\r\n\t\t\t\t\t\t\t          <div class=\"wndfal-icon\">\r\n\t\t\t\t\t\t\t            <img decoding=\"async\" src=\"https:\/\/www.troikaelektronik.com\/wp-content\/uploads\/2024\/11\/Deplase-r.png\" width=\"62\" alt=\"\" class=\"default-image\"><img decoding=\"async\" src=\"https:\/\/www.troikaelektronik.com\/wp-content\/uploads\/2024\/11\/Deplase-s.png\" width=\"62\" alt=\"\" class=\"hover-image\">\r\n\t\t\t\t\t\t\t          <\/div>\r\n\t\t\t\t\t\t\t          <h3 class=\"service-title\"><a href=\"https:\/\/www.troikaelektronik.com\/index.php\/deplase\/\"  >Deplase<\/a><\/h3>\r\n\t\t\t\t\t\t\t          \r\n\t\t\t\t\t\t\t          <div class=\"wndfal-btns-group\">\r\n\t\t\t\t\t\t\t\t\t        \r\n\t\t\t\t\t\t\t\t\t      <\/div>\r\n\t\t\t\t\t\t\t        <\/div>\r\n\t\t\t\t\t\t\t      <\/div><div class=\"col-lg-3 col-md-12\">\r\n\t\t\t\t\t\t\t        <div class=\"service-item\">\r\n\t\t\t\t\t\t\t          <div class=\"wndfal-icon\">\r\n\t\t\t\t\t\t\t            <img decoding=\"async\" src=\"https:\/\/www.troikaelektronik.com\/wp-content\/uploads\/2024\/11\/Test-ve-Devreye-Alma-r.png\" width=\"62\" alt=\"\" class=\"default-image\"><img decoding=\"async\" src=\"https:\/\/www.troikaelektronik.com\/wp-content\/uploads\/2024\/11\/Test-ve-Devreye-Alma-s.png\" width=\"62\" alt=\"\" class=\"hover-image\">\r\n\t\t\t\t\t\t\t          <\/div>\r\n\t\t\t\t\t\t\t          <h3 class=\"service-title\"><a href=\"https:\/\/www.troikaelektronik.com\/index.php\/test-ve-devreye-alma\/\"  >Test ve Devreye Alma<\/a><\/h3>\r\n\t\t\t\t\t\t\t          \r\n\t\t\t\t\t\t\t          <div class=\"wndfal-btns-group\">\r\n\t\t\t\t\t\t\t\t\t        \r\n\t\t\t\t\t\t\t\t\t      <\/div>\r\n\t\t\t\t\t\t\t        <\/div>\r\n\t\t\t\t\t\t\t      <\/div><div class=\"col-lg-3 col-md-12\">\r\n\t\t\t\t\t\t\t        <div class=\"service-item\">\r\n\t\t\t\t\t\t\t          <div class=\"wndfal-icon\">\r\n\t\t\t\t\t\t\t            <img decoding=\"async\" src=\"https:\/\/www.troikaelektronik.com\/wp-content\/uploads\/2024\/11\/Guc-Kalitesi-Cozumleri-r.png\" width=\"62\" alt=\"\" class=\"default-image\"><img decoding=\"async\" src=\"https:\/\/www.troikaelektronik.com\/wp-content\/uploads\/2024\/11\/Guc-Kalitesi-Cozumleri-s.png\" width=\"62\" alt=\"\" class=\"hover-image\">\r\n\t\t\t\t\t\t\t          <\/div>\r\n\t\t\t\t\t\t\t          <h3 class=\"service-title\"><a href=\"https:\/\/www.troikaelektronik.com\/index.php\/guc-kalitesi-cozumleri\/\"  >G\u00fc\u00e7 Kalitesi \u00c7\u00f6z\u00fcmleri<\/a><\/h3>\r\n\t\t\t\t\t\t\t          \r\n\t\t\t\t\t\t\t          <div class=\"wndfal-btns-group\">\r\n\t\t\t\t\t\t\t\t\t        \r\n\t\t\t\t\t\t\t\t\t      <\/div>\r\n\t\t\t\t\t\t\t        <\/div>\r\n\t\t\t\t\t\t\t      <\/div><\/div><\/div><\/div>\t\t\t\t<\/div>\n\t\t\t\t<\/div>\n\t\t\t\t\t<\/div>\n\t\t<\/div>\n\t\t\t\t\t<\/div>\n\t\t<\/section>\n\t\t\t\t<section class=\"elementor-section elementor-top-section elementor-element elementor-element-f0b41b5 elementor-section-stretched elementor-section-full_width elementor-section-height-default elementor-section-height-default\" data-id=\"f0b41b5\" data-element_type=\"section\" id=\"client\" data-settings=\"{&quot;stretch_section&quot;:&quot;section-stretched&quot;,&quot;background_background&quot;:&quot;classic&quot;}\">\n\t\t\t\t\t\t<div class=\"elementor-container elementor-column-gap-default\">\n\t\t\t\t\t<div class=\"elementor-column elementor-col-100 elementor-top-column elementor-element elementor-element-4e39294\" data-id=\"4e39294\" data-element_type=\"column\">\n\t\t\t<div class=\"elementor-widget-wrap elementor-element-populated\">\n\t\t\t\t\t\t<div class=\"elementor-element elementor-element-366d270 elementor-widget elementor-widget-vt-windfall_client\" data-id=\"366d270\" data-element_type=\"widget\" data-widget_type=\"vt-windfall_client.default\">\n\t\t\t\t<div class=\"elementor-widget-container\">\n\t\t\t\t\t<div class=\"wndfal-partners\">\n\t\t\t\t\t\t\t  <div class=\"container\">\n\t\t\t\t\t\t\t    <h4 class=\"partners-title\">\u0130\u015f Ortaklar\u0131m\u0131z<\/h4>\n\t\t\t\t\t\t\t    <div class=\"owl-carousel\"  data-loop=\"true\" data-items=\"4\" data-margin=\"15\" data-dots=\"false\" data-nav=\"false\" data-autoplay-timeout=\"1500\" data-autoplay=\"true\" data-mouse-drag=\"true\" data-items-tablet=\"3\" data-items-mobile-landscape=\"2\" data-items-mobile-portrait=\"1\" data-rtl=\"false\"><div class=\"item\"><div class=\"partner-item\"><div class=\"wndfal-image\"><span><img decoding=\"async\" src=\"https:\/\/www.troikaelektronik.com\/wp-content\/uploads\/2024\/06\/k_astor.png\" alt=\"\" style=\"width: 122px; height: 60px;\"><\/span><\/div><\/div><\/div><div class=\"item\"><div class=\"partner-item\"><div class=\"wndfal-image\"><span><img decoding=\"async\" src=\"https:\/\/www.troikaelektronik.com\/wp-content\/uploads\/2024\/06\/k_maysa.png\" alt=\"\" style=\"width: 122px; height: 60px;\"><\/span><\/div><\/div><\/div><div class=\"item\"><div class=\"partner-item\"><div class=\"wndfal-image\"><span><img decoding=\"async\" src=\"https:\/\/www.troikaelektronik.com\/wp-content\/uploads\/2024\/06\/k_ztelemetri.png\" alt=\"\" style=\"width: 122px; height: 60px;\"><\/span><\/div><\/div><\/div><div class=\"item\"><div class=\"partner-item\"><div class=\"wndfal-image\"><span><img decoding=\"async\" src=\"https:\/\/www.troikaelektronik.com\/wp-content\/uploads\/2025\/05\/k_pavotek.png\" alt=\"\" style=\"width: 122px; height: 60px;\"><\/span><\/div><\/div><\/div><\/div><\/div><\/div>\t\t\t\t<\/div>\n\t\t\t\t<\/div>\n\t\t\t\t\t<\/div>\n\t\t<\/div>\n\t\t\t\t\t<\/div>\n\t\t<\/section>\n\t\t\t\t<\/div>\n\t\t","protected":false},"excerpt":{"rendered":"Ho\u015fgeldiniz! \u00a0 \u00a0 \u00a0 \u00a0 \u00a0 Troika; Elektrik iletim, da\u011f\u0131t\u0131m \u015febekelerinde ve yenilenebilir enerji alanlar\u0131nda \u00e7\u00f6z\u00fcm \u00fcreten bir \u015firkettir. Ayr\u0131ca g\u00fc\u00e7 elektroni\u011fi alan\u0131nda \u00fcr\u00fcn geli\u015ftirme \u00e7al\u0131\u015fmalar\u0131 yapmaktad\u0131r. \u00a0 \u00a0 \u00a0 \u00a0 \u00a0\u0130letim ve Da\u011f\u0131t\u0131m seviyesinde ENH ve Trafo Merkezi projelendirilmesi, tasar\u0131m\u0131, et\u00fct yap\u0131lmas\u0131, tesis yap\u0131m i\u015fleri, devreye al\u0131nmas\u0131, i\u015fletme ve bak\u0131m hizmeti, deplase yap\u0131lmas\u0131, SCADA&#8230;","protected":false},"author":1,"featured_media":0,"parent":0,"menu_order":0,"comment_status":"closed","ping_status":"closed","template":"","meta":{"footnotes":""},"class_list":["post-1227","page","type-page","status-publish","hentry"],"_links":{"self":[{"href":"https:\/\/www.troikaelektronik.com\/index.php\/wp-json\/wp\/v2\/pages\/1227","targetHints":{"allow":["GET"]}}],"collection":[{"href":"https:\/\/www.troikaelektronik.com\/index.php\/wp-json\/wp\/v2\/pages"}],"about":[{"href":"https:\/\/www.troikaelektronik.com\/index.php\/wp-json\/wp\/v2\/types\/page"}],"author":[{"embeddable":true,"href":"https:\/\/www.troikaelektronik.com\/index.php\/wp-json\/wp\/v2\/users\/1"}],"replies":[{"embeddable":true,"href":"https:\/\/www.troikaelektronik.com\/index.php\/wp-json\/wp\/v2\/comments?post=1227"}],"version-history":[{"count":378,"href":"https:\/\/www.troikaelektronik.com\/index.php\/wp-json\/wp\/v2\/pages\/1227\/revisions"}],"predecessor-version":[{"id":3000,"href":"https:\/\/www.troikaelektronik.com\/index.php\/wp-json\/wp\/v2\/pages\/1227\/revisions\/3000"}],"wp:attachment":[{"href":"https:\/\/www.troikaelektronik.com\/index.php\/wp-json\/wp\/v2\/media?parent=1227"}],"curies":[{"name":"wp","href":"https:\/\/api.w.org\/{rel}","templated":true}]}}